{"id":1803,"date":"2020-09-22T12:20:55","date_gmt":"2020-09-22T17:20:55","guid":{"rendered":"https:\/\/ixtlan.izt.uam.mx\/leo\/?page_id=1803"},"modified":"2021-01-09T10:06:57","modified_gmt":"2021-01-09T15:06:57","slug":"covid-19-letalidad","status":"publish","type":"page","link":"https:\/\/ixtlan.izt.uam.mx\/leo\/covid-19-letalidad\/","title":{"rendered":"COVID-19 &#8220;Letalidad&#8221;"},"content":{"rendered":"\n<div class=\"wp-block-media-text alignwide is-stacked-on-mobile is-vertically-aligned-center\" style=\"grid-template-columns:39% auto\"><figure class=\"wp-block-media-text__media\"><img loading=\"lazy\" decoding=\"async\" width=\"275\" height=\"183\" src=\"https:\/\/ixtlan.izt.uam.mx\/leo\/wp-content\/uploads\/2020\/09\/letalidad-mundial.jpeg\" alt=\"\" class=\"wp-image-1863 size-full\"\/><\/figure><div class=\"wp-block-media-text__content\">\n<p class=\"has-vivid-cyan-blue-color has-text-color\">Uno de los asuntos que puede haber generado mayor inquietud respecto a contraer el COVID-19, es todo lo relacionado con el riesgo de muerte, la relaci\u00f3n entre los infectados confirmados y las defunciones reportadas (&#8220;letalidad&#8221;) debida a la enfermedad. Esto es, de los infectados \u00bfcu\u00e1ntos mueren?<\/p>\n<\/div><\/div>\n\n\n\n<div style=\"height:30px\" aria-hidden=\"true\" class=\"wp-block-spacer\"><\/div>\n\n\n\n<p><\/p>\n\n\n\n<p class=\"has-vivid-cyan-blue-color has-text-color\">En est\u00e1 secci\u00f3n hablaremos de los fallecimientos y haremos una comparaci\u00f3n de los datos actuales con los que se obtuvieron al inicio de la pandemia en primavera. Pero antes tendremos que hablar sobre <strong>el concepto de letalidad<\/strong>.<\/p>\n\n\n\n<p class=\"has-vivid-cyan-blue-color has-text-color\">Existen tres par\u00e1metros que fundamentalmente influyen en el c\u00e1lculo de la letalidad: el n\u00famero de casos, el n\u00famero de defunciones y el tiempo. Se debe recalcar que&nbsp;el momento en el que se calcule la letalidad es muy importante, porque puede dar lugar a valores muy diferentes. Otro aspecto relevante a tener en cuenta es que&nbsp;no es necesariamente es la misma en todos los grupos de la poblaci\u00f3n. Puede diferir por edad, situaci\u00f3n social econ\u00f3mica, comorbilidad, etc. <\/p>\n\n\n\n<p class=\"has-vivid-cyan-blue-color has-text-color\">Para el COVID-19, tomar en cuenta el n\u00famero de casos es fundamental, pero  dependen sustancialmente de la capacidad de ser detectados. Durante esta pandemia&nbsp;ha ido variando la forma en la que los casos son identificados. En un inicio, en casi todos los pa\u00edses, la detecci\u00f3n se centr\u00f3 en los casos m\u00e1s graves. Por otro lado, <strong>debido a los asintom\u00e1ticos es pr\u00e1cticamente imposible saber el n\u00famero total de infectados, motivo por el cual no es posible calcular la letalidad del COVID-19<\/strong>. <strong><span class=\"has-inline-color has-vivid-red-color\">De modo que lo que s\u00ed se puede medir en lugar de la &#8221; tasa de letalidad&#8221;, es la relaci\u00f3n entre los infectados confirmados y las defunciones reportadas, por cada 100 infectados reportados<\/span><\/strong><\/p>\n\n\n\n<p class=\"has-vivid-cyan-blue-color has-text-color\">Respecto al conteo de los fallecidos en general s\u00f3lo se incluyen aquellos decesos que hayan tenido con anterioridad una prueba PCR positiva. Cabe destacar que siguen siendo los mayores de 80 a\u00f1os los que representan el mayor \u00edndice de mortalidad.<\/p>\n\n\n\n<p class=\"has-vivid-cyan-blue-color has-text-color\">Por ejemplo, en Espa\u00f1a, las caracter\u00edsticas de los infectados han cambiado. Para el mes de agosto las mayores incidencias acumuladas las presentaban los grupos menores de 60 a\u00f1os (14%), siendo el grupo con mayor incidencias el de 15 a 29 a\u00f1os. Y por el contrario, en marzo el 67,2% de los casos identificados ten\u00eda m\u00e1s de 60 a\u00f1os. Esto es, la poblaci\u00f3n infectada y diagnosticada en los meses de verano es m\u00e1s joven que en primavera. <\/p>\n\n\n\n<p class=\"has-vivid-cyan-blue-color has-text-color\">Y aunque es dif\u00edcil comparar <strong>la relaci\u00f3n entre los infectados confirmados y las defunciones reportadas<\/strong>  de primavera y verano ya que en el verano se contagian m\u00e1s j\u00f3venes y menos ancianos, tambi\u00e9n influyen otros factores que se deben de tomar en cuenta. Por ejemplo la detecci\u00f3n es cada vez m\u00e1s temprana, lo cual implica que la gravedad de los casos sea, en principio, menor. Al inicio de la pandemia transcurr\u00edan seis d\u00edas entre el inicio de s\u00edntomas y el diagn\u00f3stico, ahora mismo este tiempo se ha reducido a tres d\u00edas. Y finalmente, la&nbsp;<strong>experiencia adquirida en el manejo de los pacientes<\/strong> ha hecho posible la introducci\u00f3n y puesta en marcha de nuevos protocolos de tratamientos m\u00e1s eficientes.<\/p>\n\n\n\n<p><span class=\"has-inline-color has-vivid-red-color\">En las gr\u00e1ficas de la primera fila se muestran los infectados confirmados (verde) y decesos reportados (rojos) por COVID-19 en diferentes pa\u00edses. La curva de infectados diarios muestra claramente un rebrote al inicio del verano. La <strong>la relaci\u00f3n entre los infectados confirmados y las defunciones reportadas<\/strong> por cada 100 infectados se muestra en la segunda columna. La curva se dividi\u00f3 en el inicio (azul) de los casos y el rebrote (naranja). Como podemos observar, la relaci\u00f3n entre los infectados confirmados y las defunciones reportadas, ha bajado dr\u00e1sticamente en el rebote, y a\u00fan cuando las razones pueden ser de muy diversa \u00edndole, definitivamente, mucho hemos aprendido para evitar decesos. <\/span><\/p>\n\n\n\n<p><\/p>\n\n\n\n<hr class=\"wp-block-separator\"\/>\n\n\n\n<div class=\"wp-block-group\"><div class=\"wp-block-group__inner-container is-layout-flow wp-block-group-is-layout-flow\">\n<div class=\"wp-block-columns is-layout-flex wp-container-core-columns-is-layout-9d6595d7 wp-block-columns-is-layout-flex\">\n<div class=\"wp-block-column is-layout-flow wp-block-column-is-layout-flow\">\n<figure class=\"wp-block-image size-large\"><img loading=\"lazy\" decoding=\"async\" width=\"360\" height=\"238\" src=\"https:\/\/ixtlan.izt.uam.mx\/leo\/wp-content\/uploads\/2020\/11\/Alemania1.jpeg\" alt=\"\" class=\"wp-image-2261\" srcset=\"https:\/\/ixtlan.izt.uam.mx\/leo\/wp-content\/uploads\/2020\/11\/Alemania1.jpeg 360w, https:\/\/ixtlan.izt.uam.mx\/leo\/wp-content\/uploads\/2020\/11\/Alemania1-300x198.jpeg 300w\" sizes=\"auto, (max-width: 360px) 100vw, 360px\" \/><figcaption>Gr\u00e1fica de casos nuevos confirmados (verde) y defunciones (rojo) en Alemania. <\/figcaption><\/figure>\n<\/div>\n\n\n\n<div class=\"wp-block-column is-layout-flow wp-block-column-is-layout-flow\" style=\"flex-basis:50%\">\n<figure class=\"wp-block-image size-large\"><img loading=\"lazy\" decoding=\"async\" width=\"360\" height=\"243\" src=\"https:\/\/ixtlan.izt.uam.mx\/leo\/wp-content\/uploads\/2020\/11\/Alemania2.jpeg\" alt=\"\" class=\"wp-image-2262\" srcset=\"https:\/\/ixtlan.izt.uam.mx\/leo\/wp-content\/uploads\/2020\/11\/Alemania2.jpeg 360w, https:\/\/ixtlan.izt.uam.mx\/leo\/wp-content\/uploads\/2020\/11\/Alemania2-300x203.jpeg 300w\" sizes=\"auto, (max-width: 360px) 100vw, 360px\" \/><figcaption>Tasa de letalidad en Alemania (por cada 100 infectados) al inicio de la pandemia (azul) y rebrote (naranja).<\/figcaption><\/figure>\n<\/div>\n<\/div>\n\n\n\n<div class=\"wp-block-columns is-layout-flex wp-container-core-columns-is-layout-9d6595d7 wp-block-columns-is-layout-flex\">\n<div class=\"wp-block-column is-layout-flow wp-block-column-is-layout-flow\">\n<figure class=\"wp-block-image size-large\"><img loading=\"lazy\" decoding=\"async\" width=\"360\" height=\"238\" src=\"https:\/\/ixtlan.izt.uam.mx\/leo\/wp-content\/uploads\/2020\/11\/Espana1.jpeg\" alt=\"\" class=\"wp-image-2263\" srcset=\"https:\/\/ixtlan.izt.uam.mx\/leo\/wp-content\/uploads\/2020\/11\/Espana1.jpeg 360w, https:\/\/ixtlan.izt.uam.mx\/leo\/wp-content\/uploads\/2020\/11\/Espana1-300x198.jpeg 300w\" sizes=\"auto, (max-width: 360px) 100vw, 360px\" \/><figcaption>Gr\u00e1fica de casos nuevos confirmados (verde) y defunciones (rojo) en Espa\u00f1a.<\/figcaption><\/figure>\n<\/div>\n\n\n\n<div class=\"wp-block-column is-layout-flow wp-block-column-is-layout-flow\" style=\"flex-basis:50%\">\n<figure class=\"wp-block-image size-large\"><img loading=\"lazy\" decoding=\"async\" width=\"360\" height=\"239\" src=\"https:\/\/ixtlan.izt.uam.mx\/leo\/wp-content\/uploads\/2020\/11\/Espana2.jpeg\" alt=\"\" class=\"wp-image-2264\" srcset=\"https:\/\/ixtlan.izt.uam.mx\/leo\/wp-content\/uploads\/2020\/11\/Espana2.jpeg 360w, https:\/\/ixtlan.izt.uam.mx\/leo\/wp-content\/uploads\/2020\/11\/Espana2-300x199.jpeg 300w\" sizes=\"auto, (max-width: 360px) 100vw, 360px\" \/><figcaption>Tasa de letalidad en Espa\u00f1a (por cada 100 infectados) al inicio de la pandemia (azul) y rebrote (naranja). <\/figcaption><\/figure>\n<\/div>\n<\/div>\n\n\n\n<div class=\"wp-block-columns is-layout-flex wp-container-core-columns-is-layout-9d6595d7 wp-block-columns-is-layout-flex\">\n<div class=\"wp-block-column is-layout-flow wp-block-column-is-layout-flow\">\n<figure class=\"wp-block-image size-large\"><img loading=\"lazy\" decoding=\"async\" width=\"360\" height=\"234\" src=\"https:\/\/ixtlan.izt.uam.mx\/leo\/wp-content\/uploads\/2020\/11\/Francia1.jpeg\" alt=\"\" class=\"wp-image-2265\" srcset=\"https:\/\/ixtlan.izt.uam.mx\/leo\/wp-content\/uploads\/2020\/11\/Francia1.jpeg 360w, https:\/\/ixtlan.izt.uam.mx\/leo\/wp-content\/uploads\/2020\/11\/Francia1-300x195.jpeg 300w\" sizes=\"auto, (max-width: 360px) 100vw, 360px\" \/><figcaption>Gr\u00e1fica de casos nuevos confirmados (verde) y defunciones (rojo) en Francia.<\/figcaption><\/figure>\n<\/div>\n\n\n\n<div class=\"wp-block-column is-layout-flow wp-block-column-is-layout-flow\" style=\"flex-basis:50%\">\n<figure class=\"wp-block-image size-large\"><img loading=\"lazy\" decoding=\"async\" width=\"360\" height=\"239\" src=\"https:\/\/ixtlan.izt.uam.mx\/leo\/wp-content\/uploads\/2020\/11\/Francia2.jpeg\" alt=\"\" class=\"wp-image-2266\" srcset=\"https:\/\/ixtlan.izt.uam.mx\/leo\/wp-content\/uploads\/2020\/11\/Francia2.jpeg 360w, https:\/\/ixtlan.izt.uam.mx\/leo\/wp-content\/uploads\/2020\/11\/Francia2-300x199.jpeg 300w\" sizes=\"auto, (max-width: 360px) 100vw, 360px\" \/><figcaption>Tasa de letalidad en Francia (por cada 100 infectados) al inicio de la pandemia (azul) y rebrote (naranja).<\/figcaption><\/figure>\n<\/div>\n<\/div>\n<\/div><\/div>\n\n\n\n<div class=\"wp-block-columns is-layout-flex wp-container-core-columns-is-layout-9d6595d7 wp-block-columns-is-layout-flex\">\n<div class=\"wp-block-column is-layout-flow wp-block-column-is-layout-flow\">\n<figure class=\"wp-block-image size-large is-style-default\"><img loading=\"lazy\" decoding=\"async\" width=\"360\" height=\"238\" src=\"https:\/\/ixtlan.izt.uam.mx\/leo\/wp-content\/uploads\/2020\/11\/Italia1.jpeg\" alt=\"\" class=\"wp-image-2267\" srcset=\"https:\/\/ixtlan.izt.uam.mx\/leo\/wp-content\/uploads\/2020\/11\/Italia1.jpeg 360w, https:\/\/ixtlan.izt.uam.mx\/leo\/wp-content\/uploads\/2020\/11\/Italia1-300x198.jpeg 300w\" sizes=\"auto, (max-width: 360px) 100vw, 360px\" \/><figcaption>Gr\u00e1fica de casos nuevos confirmados (verde) y defunciones (rojo) en Italia.<\/figcaption><\/figure>\n<\/div>\n\n\n\n<div class=\"wp-block-column is-layout-flow wp-block-column-is-layout-flow\">\n<figure class=\"wp-block-image size-large is-style-default\"><img loading=\"lazy\" decoding=\"async\" width=\"360\" height=\"239\" src=\"https:\/\/ixtlan.izt.uam.mx\/leo\/wp-content\/uploads\/2020\/11\/Italia2.jpeg\" alt=\"\" class=\"wp-image-2268\" srcset=\"https:\/\/ixtlan.izt.uam.mx\/leo\/wp-content\/uploads\/2020\/11\/Italia2.jpeg 360w, https:\/\/ixtlan.izt.uam.mx\/leo\/wp-content\/uploads\/2020\/11\/Italia2-300x199.jpeg 300w\" sizes=\"auto, (max-width: 360px) 100vw, 360px\" \/><figcaption>Tasa de letalidad en Italia (por cada 100 infectados) al inicio de la pandemia (azul) y rebrote (naranja).<\/figcaption><\/figure>\n<\/div>\n<\/div>\n\n\n\n<div class=\"wp-block-columns is-layout-flex wp-container-core-columns-is-layout-9d6595d7 wp-block-columns-is-layout-flex\">\n<div class=\"wp-block-column is-layout-flow wp-block-column-is-layout-flow\">\n<figure class=\"wp-block-image size-large is-style-default\"><img loading=\"lazy\" decoding=\"async\" width=\"360\" height=\"242\" src=\"https:\/\/ixtlan.izt.uam.mx\/leo\/wp-content\/uploads\/2020\/11\/Japon1.jpeg\" alt=\"\" class=\"wp-image-2269\" srcset=\"https:\/\/ixtlan.izt.uam.mx\/leo\/wp-content\/uploads\/2020\/11\/Japon1.jpeg 360w, https:\/\/ixtlan.izt.uam.mx\/leo\/wp-content\/uploads\/2020\/11\/Japon1-300x202.jpeg 300w\" sizes=\"auto, (max-width: 360px) 100vw, 360px\" \/><figcaption>Gr\u00e1fica de casos nuevos confirmados (verde) y defunciones (rojo) en Jap\u00f3n.<\/figcaption><\/figure>\n<\/div>\n\n\n\n<div class=\"wp-block-column is-layout-flow wp-block-column-is-layout-flow\">\n<figure class=\"wp-block-image size-large is-style-default\"><img loading=\"lazy\" decoding=\"async\" width=\"360\" height=\"243\" src=\"https:\/\/ixtlan.izt.uam.mx\/leo\/wp-content\/uploads\/2020\/11\/Japon2.jpeg\" alt=\"\" class=\"wp-image-2270\" srcset=\"https:\/\/ixtlan.izt.uam.mx\/leo\/wp-content\/uploads\/2020\/11\/Japon2.jpeg 360w, https:\/\/ixtlan.izt.uam.mx\/leo\/wp-content\/uploads\/2020\/11\/Japon2-300x203.jpeg 300w\" sizes=\"auto, (max-width: 360px) 100vw, 360px\" \/><figcaption>Tasa de letalidad en Jap\u00f3n (por cada 100 infectados) al inicio de la pandemia (azul) y rebrote (naranja).<\/figcaption><\/figure>\n\n\n\n<p><\/p>\n<\/div>\n<\/div>\n\n\n\n<div class=\"wp-block-columns is-layout-flex wp-container-core-columns-is-layout-9d6595d7 wp-block-columns-is-layout-flex\">\n<div class=\"wp-block-column is-layout-flow wp-block-column-is-layout-flow\">\n<figure class=\"wp-block-image size-large is-resized\"><img loading=\"lazy\" decoding=\"async\" src=\"https:\/\/ixtlan.izt.uam.mx\/leo\/wp-content\/uploads\/2020\/10\/coivd9.jpeg\" alt=\"\" class=\"wp-image-2043\" width=\"375\" height=\"260\"\/><figcaption>Relaci\u00f3n entre los infectados confirmados y las defunciones reportadas en M\u00e9xico por cada 100 infectados (verde), obtenida a partir del promedio semanal con un desfase de 21 d\u00edas entre infectados y muertos (azul).<\/figcaption><\/figure>\n<\/div>\n\n\n\n<div class=\"wp-block-column is-layout-flow wp-block-column-is-layout-flow\" style=\"flex-basis:50%\">\n<figure class=\"wp-block-image size-large is-resized\"><img loading=\"lazy\" decoding=\"async\" src=\"https:\/\/ixtlan.izt.uam.mx\/leo\/wp-content\/uploads\/2020\/10\/DefHabmillon.jpeg\" alt=\"\" class=\"wp-image-2057\" width=\"375\" height=\"275\"\/><figcaption>Relaci\u00f3n entre defunciones reportadas y habitantes por cada mill\u00f3n de habitantes por estado y nacional.<\/figcaption><\/figure>\n\n\n\n<p><\/p>\n<\/div>\n<\/div>\n\n\n\n<p>Actualizado al 01\/09\/2021<\/p>\n\n\n\n<p>Fuente de los datos : <a rel=\"noreferrer noopener\" href=\"https:\/\/datarepository.wolframcloud.com\/resources\/Epidemic-Data-for-Novel-Coronavirus-COVID-19\" target=\"_blank\">Wolfram Data Repository<\/a>&nbsp;<\/p>\n\n\n\n<hr class=\"wp-block-separator\"\/>\n<!-- AddThis Advanced Settings generic via filter on the_content --><!-- AddThis Share Buttons generic via filter on the_content -->","protected":false},"excerpt":{"rendered":"<p>Uno de los asuntos que puede haber generado mayor inquietud respecto a contraer el COVID-19, es todo lo relacionado con el riesgo de muerte, la relaci\u00f3n entre los infectados confirmados y las defunciones reportadas (&#8220;letalidad&#8221;) debida a la enfermedad. Esto es, de los infectados \u00bfcu\u00e1ntos mueren? En est\u00e1 secci\u00f3n hablaremos de los fallecimientos y haremos [&hellip;]<!-- AddThis Advanced Settings generic via filter on get_the_excerpt --><!-- AddThis Share Buttons generic via filter on get_the_excerpt --><\/p>\n","protected":false},"author":1,"featured_media":0,"parent":0,"menu_order":0,"comment_status":"closed","ping_status":"closed","template":"page-fullwidth.php","meta":{"jetpack_post_was_ever_published":false,"footnotes":""},"class_list":["post-1803","page","type-page","status-publish","hentry"],"yoast_head":"<!-- This site is optimized with the Yoast SEO plugin v27.3 - https:\/\/yoast.com\/product\/yoast-seo-wordpress\/ -->\n<title>COVID-19 &quot;Letalidad&quot; - LEONARDO DAGDUG<\/title>\n<meta name=\"robots\" content=\"index, follow, max-snippet:-1, max-image-preview:large, max-video-preview:-1\" \/>\n<link rel=\"canonical\" href=\"https:\/\/ixtlan.izt.uam.mx\/leo\/covid-19-letalidad\/\" \/>\n<meta property=\"og:locale\" content=\"en_US\" \/>\n<meta property=\"og:type\" content=\"article\" \/>\n<meta property=\"og:title\" content=\"COVID-19 &quot;Letalidad&quot; - LEONARDO DAGDUG\" \/>\n<meta property=\"og:description\" content=\"Uno de los asuntos que puede haber generado mayor inquietud respecto a contraer el COVID-19, es todo lo relacionado con el riesgo de muerte, la relaci\u00f3n entre los infectados confirmados y las defunciones reportadas (&#8220;letalidad&#8221;) debida a la enfermedad. Esto es, de los infectados \u00bfcu\u00e1ntos mueren? En est\u00e1 secci\u00f3n hablaremos de los fallecimientos y haremos [&hellip;]\" \/>\n<meta property=\"og:url\" content=\"https:\/\/ixtlan.izt.uam.mx\/leo\/covid-19-letalidad\/\" \/>\n<meta property=\"og:site_name\" content=\"LEONARDO DAGDUG\" \/>\n<meta property=\"article:modified_time\" content=\"2021-01-09T15:06:57+00:00\" \/>\n<meta property=\"og:image\" content=\"https:\/\/ixtlan.izt.uam.mx\/leo\/wp-content\/uploads\/2020\/09\/letalidad-mundial.jpeg\" \/>\n<meta name=\"twitter:card\" content=\"summary_large_image\" \/>\n<meta name=\"twitter:label1\" content=\"Est. reading time\" \/>\n\t<meta name=\"twitter:data1\" content=\"4 minutes\" \/>\n<script type=\"application\/ld+json\" class=\"yoast-schema-graph\">{\"@context\":\"https:\\\/\\\/schema.org\",\"@graph\":[{\"@type\":\"WebPage\",\"@id\":\"https:\\\/\\\/ixtlan.izt.uam.mx\\\/leo\\\/covid-19-letalidad\\\/\",\"url\":\"https:\\\/\\\/ixtlan.izt.uam.mx\\\/leo\\\/covid-19-letalidad\\\/\",\"name\":\"COVID-19 \\\"Letalidad\\\" - LEONARDO DAGDUG\",\"isPartOf\":{\"@id\":\"https:\\\/\\\/ixtlan.izt.uam.mx\\\/leo\\\/#website\"},\"primaryImageOfPage\":{\"@id\":\"https:\\\/\\\/ixtlan.izt.uam.mx\\\/leo\\\/covid-19-letalidad\\\/#primaryimage\"},\"image\":{\"@id\":\"https:\\\/\\\/ixtlan.izt.uam.mx\\\/leo\\\/covid-19-letalidad\\\/#primaryimage\"},\"thumbnailUrl\":\"https:\\\/\\\/ixtlan.izt.uam.mx\\\/leo\\\/wp-content\\\/uploads\\\/2020\\\/09\\\/letalidad-mundial.jpeg\",\"datePublished\":\"2020-09-22T17:20:55+00:00\",\"dateModified\":\"2021-01-09T15:06:57+00:00\",\"breadcrumb\":{\"@id\":\"https:\\\/\\\/ixtlan.izt.uam.mx\\\/leo\\\/covid-19-letalidad\\\/#breadcrumb\"},\"inLanguage\":\"en-US\",\"potentialAction\":[{\"@type\":\"ReadAction\",\"target\":[\"https:\\\/\\\/ixtlan.izt.uam.mx\\\/leo\\\/covid-19-letalidad\\\/\"]}]},{\"@type\":\"ImageObject\",\"inLanguage\":\"en-US\",\"@id\":\"https:\\\/\\\/ixtlan.izt.uam.mx\\\/leo\\\/covid-19-letalidad\\\/#primaryimage\",\"url\":\"https:\\\/\\\/ixtlan.izt.uam.mx\\\/leo\\\/wp-content\\\/uploads\\\/2020\\\/09\\\/letalidad-mundial.jpeg\",\"contentUrl\":\"https:\\\/\\\/ixtlan.izt.uam.mx\\\/leo\\\/wp-content\\\/uploads\\\/2020\\\/09\\\/letalidad-mundial.jpeg\",\"width\":275,\"height\":183},{\"@type\":\"BreadcrumbList\",\"@id\":\"https:\\\/\\\/ixtlan.izt.uam.mx\\\/leo\\\/covid-19-letalidad\\\/#breadcrumb\",\"itemListElement\":[{\"@type\":\"ListItem\",\"position\":1,\"name\":\"Home\",\"item\":\"https:\\\/\\\/ixtlan.izt.uam.mx\\\/leo\\\/\"},{\"@type\":\"ListItem\",\"position\":2,\"name\":\"COVID-19 &#8220;Letalidad&#8221;\"}]},{\"@type\":\"WebSite\",\"@id\":\"https:\\\/\\\/ixtlan.izt.uam.mx\\\/leo\\\/#website\",\"url\":\"https:\\\/\\\/ixtlan.izt.uam.mx\\\/leo\\\/\",\"name\":\"LEONARDO DAGDUG\",\"description\":\"Professional website\",\"potentialAction\":[{\"@type\":\"SearchAction\",\"target\":{\"@type\":\"EntryPoint\",\"urlTemplate\":\"https:\\\/\\\/ixtlan.izt.uam.mx\\\/leo\\\/?s={search_term_string}\"},\"query-input\":{\"@type\":\"PropertyValueSpecification\",\"valueRequired\":true,\"valueName\":\"search_term_string\"}}],\"inLanguage\":\"en-US\"}]}<\/script>\n<!-- \/ Yoast SEO plugin. -->","yoast_head_json":{"title":"COVID-19 \"Letalidad\" - LEONARDO DAGDUG","robots":{"index":"index","follow":"follow","max-snippet":"max-snippet:-1","max-image-preview":"max-image-preview:large","max-video-preview":"max-video-preview:-1"},"canonical":"https:\/\/ixtlan.izt.uam.mx\/leo\/covid-19-letalidad\/","og_locale":"en_US","og_type":"article","og_title":"COVID-19 \"Letalidad\" - LEONARDO DAGDUG","og_description":"Uno de los asuntos que puede haber generado mayor inquietud respecto a contraer el COVID-19, es todo lo relacionado con el riesgo de muerte, la relaci\u00f3n entre los infectados confirmados y las defunciones reportadas (&#8220;letalidad&#8221;) debida a la enfermedad. Esto es, de los infectados \u00bfcu\u00e1ntos mueren? En est\u00e1 secci\u00f3n hablaremos de los fallecimientos y haremos [&hellip;]","og_url":"https:\/\/ixtlan.izt.uam.mx\/leo\/covid-19-letalidad\/","og_site_name":"LEONARDO DAGDUG","article_modified_time":"2021-01-09T15:06:57+00:00","og_image":[{"url":"https:\/\/ixtlan.izt.uam.mx\/leo\/wp-content\/uploads\/2020\/09\/letalidad-mundial.jpeg","type":"","width":"","height":""}],"twitter_card":"summary_large_image","twitter_misc":{"Est. reading time":"4 minutes"},"schema":{"@context":"https:\/\/schema.org","@graph":[{"@type":"WebPage","@id":"https:\/\/ixtlan.izt.uam.mx\/leo\/covid-19-letalidad\/","url":"https:\/\/ixtlan.izt.uam.mx\/leo\/covid-19-letalidad\/","name":"COVID-19 \"Letalidad\" - LEONARDO DAGDUG","isPartOf":{"@id":"https:\/\/ixtlan.izt.uam.mx\/leo\/#website"},"primaryImageOfPage":{"@id":"https:\/\/ixtlan.izt.uam.mx\/leo\/covid-19-letalidad\/#primaryimage"},"image":{"@id":"https:\/\/ixtlan.izt.uam.mx\/leo\/covid-19-letalidad\/#primaryimage"},"thumbnailUrl":"https:\/\/ixtlan.izt.uam.mx\/leo\/wp-content\/uploads\/2020\/09\/letalidad-mundial.jpeg","datePublished":"2020-09-22T17:20:55+00:00","dateModified":"2021-01-09T15:06:57+00:00","breadcrumb":{"@id":"https:\/\/ixtlan.izt.uam.mx\/leo\/covid-19-letalidad\/#breadcrumb"},"inLanguage":"en-US","potentialAction":[{"@type":"ReadAction","target":["https:\/\/ixtlan.izt.uam.mx\/leo\/covid-19-letalidad\/"]}]},{"@type":"ImageObject","inLanguage":"en-US","@id":"https:\/\/ixtlan.izt.uam.mx\/leo\/covid-19-letalidad\/#primaryimage","url":"https:\/\/ixtlan.izt.uam.mx\/leo\/wp-content\/uploads\/2020\/09\/letalidad-mundial.jpeg","contentUrl":"https:\/\/ixtlan.izt.uam.mx\/leo\/wp-content\/uploads\/2020\/09\/letalidad-mundial.jpeg","width":275,"height":183},{"@type":"BreadcrumbList","@id":"https:\/\/ixtlan.izt.uam.mx\/leo\/covid-19-letalidad\/#breadcrumb","itemListElement":[{"@type":"ListItem","position":1,"name":"Home","item":"https:\/\/ixtlan.izt.uam.mx\/leo\/"},{"@type":"ListItem","position":2,"name":"COVID-19 &#8220;Letalidad&#8221;"}]},{"@type":"WebSite","@id":"https:\/\/ixtlan.izt.uam.mx\/leo\/#website","url":"https:\/\/ixtlan.izt.uam.mx\/leo\/","name":"LEONARDO DAGDUG","description":"Professional website","potentialAction":[{"@type":"SearchAction","target":{"@type":"EntryPoint","urlTemplate":"https:\/\/ixtlan.izt.uam.mx\/leo\/?s={search_term_string}"},"query-input":{"@type":"PropertyValueSpecification","valueRequired":true,"valueName":"search_term_string"}}],"inLanguage":"en-US"}]}},"jetpack_shortlink":"https:\/\/wp.me\/P9TEcG-t5","jetpack_sharing_enabled":true,"_links":{"self":[{"href":"https:\/\/ixtlan.izt.uam.mx\/leo\/wp-json\/wp\/v2\/pages\/1803","targetHints":{"allow":["GET"]}}],"collection":[{"href":"https:\/\/ixtlan.izt.uam.mx\/leo\/wp-json\/wp\/v2\/pages"}],"about":[{"href":"https:\/\/ixtlan.izt.uam.mx\/leo\/wp-json\/wp\/v2\/types\/page"}],"author":[{"embeddable":true,"href":"https:\/\/ixtlan.izt.uam.mx\/leo\/wp-json\/wp\/v2\/users\/1"}],"replies":[{"embeddable":true,"href":"https:\/\/ixtlan.izt.uam.mx\/leo\/wp-json\/wp\/v2\/comments?post=1803"}],"version-history":[{"count":69,"href":"https:\/\/ixtlan.izt.uam.mx\/leo\/wp-json\/wp\/v2\/pages\/1803\/revisions"}],"predecessor-version":[{"id":2389,"href":"https:\/\/ixtlan.izt.uam.mx\/leo\/wp-json\/wp\/v2\/pages\/1803\/revisions\/2389"}],"wp:attachment":[{"href":"https:\/\/ixtlan.izt.uam.mx\/leo\/wp-json\/wp\/v2\/media?parent=1803"}],"curies":[{"name":"wp","href":"https:\/\/api.w.org\/{rel}","templated":true}]}}