{"id":208,"date":"2018-05-07T12:46:49","date_gmt":"2018-05-07T17:46:49","guid":{"rendered":"https:\/\/ixtlan.izt.uam.mx\/leo\/?page_id=208"},"modified":"2026-04-06T13:25:59","modified_gmt":"2026-04-06T18:25:59","slug":"teaching","status":"publish","type":"page","link":"https:\/\/ixtlan.izt.uam.mx\/leo\/teaching\/","title":{"rendered":"Docencia"},"content":{"rendered":"<ul>\n<li>\n<h3><a href=\"https:\/\/ixtlan.izt.uam.mx\/leo\/mecanica-elemental-i\/\">Mec\u00e1nica Elemental I<\/a><\/h3>\n<\/li>\n<li>\n<h3><a href=\"https:\/\/ixtlan.izt.uam.mx\/leo\/mecanica-elemental-ii\/\">Mec\u00e1nica Elemental II<\/a><\/h3>\n<\/li>\n<li>\n<h3><a href=\"https:\/\/ixtlan.izt.uam.mx\/leo\/mecanica-i\/\">Mec\u00e1nica I<\/a><\/h3>\n<\/li>\n<li>\n<h3><a href=\"https:\/\/ixtlan.izt.uam.mx\/leo\/electricidad-y-magnetismo-elemental-i\/\">Electricidad y Magnetismo Elemental I<\/a><\/h3>\n<\/li>\n<li>\n<h3><a href=\"https:\/\/ixtlan.izt.uam.mx\/leo\/biofisica-experimental-uno\/\">Biof\u00edsica Experimental I<\/a><\/h3>\n<\/li>\n<li>\n<h3><a href=\"https:\/\/ixtlan.izt.uam.mx\/leo\/biofisica-experimental-uno-2\/\">Biof\u00edsica Experimental II<\/a><\/h3>\n<\/li>\n<li>\n<h3><a href=\"https:\/\/ixtlan.izt.uam.mx\/leo\/nociones-sobre-complejidad\/\">Nociones Sobre Complejidad<\/a><\/h3>\n<\/li>\n<\/ul>\n<h5>\u00a0<\/h5>\n\n\n<p class=\"has-text-align-justify has-text-color has-background has-small-font-size has-vivid-cyan-blue-color has-very-light-gray-background-color\">&#8220;never to think I understood a work in physics if all I had done was read someone else&#8217;s derivation. The only way to really understand a theory is to derive it yourself&#8221; <br><br> <span style=\"float:right;\">Richard Feynman<\/span><\/p>\n\n\n\n<p class=\"has-text-align-justify has-text-color has-background has-small-font-size has-vivid-cyan-blue-color has-very-light-gray-background-color\">&#8220;Encontrar la verdad es dif\u00edcil, y el camino a ella es pedregoso. Como los buscadores de la verdad, tendr\u00e1n que ser sabios para mantener el juicio y no poner simplemente su confianza en los escritos antiguos. Se debe cuestionar y examinar cr\u00edticamente aquellos escritos desde todos los puntos de vista. Se debe empe\u00f1ar solamente en argumentar y experimentar y no quedarse con las afirmaciones de cualquier persona. Para cualquier ser humano existe la opci\u00f3n de caer en todas las formas de imperfecci\u00f3n. Como buscadores de la verdad, debemos sospechar y cuestionar nuestras propias ideas mientras realizamos nuestras investigaciones, para evitar caer en el prejuicio o en el pensamiento descuidado. Tomen este camino, y la verdad les ser\u00e1 revelada.&#8221;  <br><br> <span style=\"float:right;\">Ab<span style=\"float:right;\"><\/span>\u016b <span style=\"float:right;\"><\/span>&#8216;A<span style=\"float:right;\"><\/span>l\u012b al-Hasan (Alhac\u00e9n) (Irak, 1 de julio del 965 \u2013 El Cairo, 6 de marzo del 1040)<\/span> <\/p>\n\n\n\n<p class=\"has-text-align-justify has-text-color has-background has-small-font-size has-vivid-cyan-blue-color has-very-light-gray-background-color\">&#8220;si algo debemos transmitir a nuestros alumnos y a la sociedad es la importancia de desarrollar el sentido cr\u00edtico y la inteligencia, tanto para valorar a quien est\u00e1 en lo cierto, como para ignorar a falsos profetas y manipuladores o poner en contexto los errores de quienes puedan estar equivocados. <em>La responsabilidad de desarrollar estas facultades le corresponde a cada uno<\/em>.&#8221;  <br><br> <span style=\"float:right;\">\u00c1ngel P\u00e9rez Ruzafa<\/span> <\/p>\n\n\n\n<p class=\"has-text-align-justify has-text-color has-background has-small-font-size has-vivid-cyan-blue-color has-very-light-gray-background-color\">&#8220;&#8230;la paradoja del conocimiento hist\u00f3rico. El conocimiento que no cambia el comportamiento es in\u00fatil. Pero el conocimiento que cambia el comportamiento pierde r\u00e1pidamente su relevancia. Cuantos m\u00e1s datos tenemos  y cuanto mejor entendemos la historia, m\u00e1s r\u00e1pidamente la historia altera su rumbo y m\u00e1s r\u00e1pidamente nuestro conocimiento queda desfasado.&#8221;  <br><br> <span style=\"float:right;\">Yuval Noah Harari<\/span> <\/p>\n\n\n\n<p><\/p>\n<!-- AddThis Advanced Settings generic via filter on the_content --><!-- AddThis Share Buttons generic via filter on the_content -->","protected":false},"excerpt":{"rendered":"<p>Mec\u00e1nica Elemental I Mec\u00e1nica Elemental II Mec\u00e1nica I Electricidad y Magnetismo Elemental I Biof\u00edsica Experimental I Biof\u00edsica Experimental II Nociones Sobre Complejidad \u00a0 &#8220;never to think I understood a work in physics if all I had done was read someone else&#8217;s derivation. The only way to really understand a theory is to derive it yourself&#8221; [&hellip;]<!-- AddThis Advanced Settings generic via filter on get_the_excerpt --><!-- AddThis Share Buttons generic via filter on get_the_excerpt --><\/p>\n","protected":false},"author":1,"featured_media":0,"parent":0,"menu_order":0,"comment_status":"closed","ping_status":"closed","template":"page-fullwidth.php","meta":{"footnotes":""},"class_list":["post-208","page","type-page","status-publish","hentry"],"yoast_head":"<!-- This site is optimized with the Yoast SEO plugin v27.5 - https:\/\/yoast.com\/product\/yoast-seo-wordpress\/ -->\n<title>Docencia - LEONARDO DAGDUG<\/title>\n<meta name=\"robots\" content=\"index, follow, max-snippet:-1, max-image-preview:large, max-video-preview:-1\" \/>\n<link rel=\"canonical\" href=\"https:\/\/ixtlan.izt.uam.mx\/leo\/teaching\/\" \/>\n<meta property=\"og:locale\" content=\"en_US\" \/>\n<meta property=\"og:type\" content=\"article\" \/>\n<meta property=\"og:title\" content=\"Docencia - LEONARDO DAGDUG\" \/>\n<meta property=\"og:description\" content=\"Mec\u00e1nica Elemental I Mec\u00e1nica Elemental II Mec\u00e1nica I Electricidad y Magnetismo Elemental I Biof\u00edsica Experimental I Biof\u00edsica Experimental II Nociones Sobre Complejidad \u00a0 &#8220;never to think I understood a work in physics if all I had done was read someone else&#8217;s derivation. The only way to really understand a theory is to derive it yourself&#8221; [&hellip;]\" \/>\n<meta property=\"og:url\" content=\"https:\/\/ixtlan.izt.uam.mx\/leo\/teaching\/\" \/>\n<meta property=\"og:site_name\" content=\"LEONARDO DAGDUG\" \/>\n<meta property=\"article:modified_time\" content=\"2026-04-06T18:25:59+00:00\" \/>\n<meta name=\"twitter:card\" content=\"summary_large_image\" \/>\n<meta name=\"twitter:label1\" content=\"Est. reading time\" \/>\n\t<meta name=\"twitter:data1\" content=\"2 minutes\" \/>\n<script type=\"application\/ld+json\" class=\"yoast-schema-graph\">{\"@context\":\"https:\\\/\\\/schema.org\",\"@graph\":[{\"@type\":\"WebPage\",\"@id\":\"https:\\\/\\\/ixtlan.izt.uam.mx\\\/leo\\\/teaching\\\/\",\"url\":\"https:\\\/\\\/ixtlan.izt.uam.mx\\\/leo\\\/teaching\\\/\",\"name\":\"Docencia - LEONARDO DAGDUG\",\"isPartOf\":{\"@id\":\"https:\\\/\\\/ixtlan.izt.uam.mx\\\/leo\\\/#website\"},\"datePublished\":\"2018-05-07T17:46:49+00:00\",\"dateModified\":\"2026-04-06T18:25:59+00:00\",\"breadcrumb\":{\"@id\":\"https:\\\/\\\/ixtlan.izt.uam.mx\\\/leo\\\/teaching\\\/#breadcrumb\"},\"inLanguage\":\"en-US\",\"potentialAction\":[{\"@type\":\"ReadAction\",\"target\":[\"https:\\\/\\\/ixtlan.izt.uam.mx\\\/leo\\\/teaching\\\/\"]}]},{\"@type\":\"BreadcrumbList\",\"@id\":\"https:\\\/\\\/ixtlan.izt.uam.mx\\\/leo\\\/teaching\\\/#breadcrumb\",\"itemListElement\":[{\"@type\":\"ListItem\",\"position\":1,\"name\":\"Home\",\"item\":\"https:\\\/\\\/ixtlan.izt.uam.mx\\\/leo\\\/\"},{\"@type\":\"ListItem\",\"position\":2,\"name\":\"Docencia\"}]},{\"@type\":\"WebSite\",\"@id\":\"https:\\\/\\\/ixtlan.izt.uam.mx\\\/leo\\\/#website\",\"url\":\"https:\\\/\\\/ixtlan.izt.uam.mx\\\/leo\\\/\",\"name\":\"LEONARDO DAGDUG\",\"description\":\"Professional website\",\"potentialAction\":[{\"@type\":\"SearchAction\",\"target\":{\"@type\":\"EntryPoint\",\"urlTemplate\":\"https:\\\/\\\/ixtlan.izt.uam.mx\\\/leo\\\/?s={search_term_string}\"},\"query-input\":{\"@type\":\"PropertyValueSpecification\",\"valueRequired\":true,\"valueName\":\"search_term_string\"}}],\"inLanguage\":\"en-US\"}]}<\/script>\n<!-- \/ Yoast SEO plugin. -->","yoast_head_json":{"title":"Docencia - LEONARDO DAGDUG","robots":{"index":"index","follow":"follow","max-snippet":"max-snippet:-1","max-image-preview":"max-image-preview:large","max-video-preview":"max-video-preview:-1"},"canonical":"https:\/\/ixtlan.izt.uam.mx\/leo\/teaching\/","og_locale":"en_US","og_type":"article","og_title":"Docencia - LEONARDO DAGDUG","og_description":"Mec\u00e1nica Elemental I Mec\u00e1nica Elemental II Mec\u00e1nica I Electricidad y Magnetismo Elemental I Biof\u00edsica Experimental I Biof\u00edsica Experimental II Nociones Sobre Complejidad \u00a0 &#8220;never to think I understood a work in physics if all I had done was read someone else&#8217;s derivation. The only way to really understand a theory is to derive it yourself&#8221; [&hellip;]","og_url":"https:\/\/ixtlan.izt.uam.mx\/leo\/teaching\/","og_site_name":"LEONARDO DAGDUG","article_modified_time":"2026-04-06T18:25:59+00:00","twitter_card":"summary_large_image","twitter_misc":{"Est. reading time":"2 minutes"},"schema":{"@context":"https:\/\/schema.org","@graph":[{"@type":"WebPage","@id":"https:\/\/ixtlan.izt.uam.mx\/leo\/teaching\/","url":"https:\/\/ixtlan.izt.uam.mx\/leo\/teaching\/","name":"Docencia - LEONARDO DAGDUG","isPartOf":{"@id":"https:\/\/ixtlan.izt.uam.mx\/leo\/#website"},"datePublished":"2018-05-07T17:46:49+00:00","dateModified":"2026-04-06T18:25:59+00:00","breadcrumb":{"@id":"https:\/\/ixtlan.izt.uam.mx\/leo\/teaching\/#breadcrumb"},"inLanguage":"en-US","potentialAction":[{"@type":"ReadAction","target":["https:\/\/ixtlan.izt.uam.mx\/leo\/teaching\/"]}]},{"@type":"BreadcrumbList","@id":"https:\/\/ixtlan.izt.uam.mx\/leo\/teaching\/#breadcrumb","itemListElement":[{"@type":"ListItem","position":1,"name":"Home","item":"https:\/\/ixtlan.izt.uam.mx\/leo\/"},{"@type":"ListItem","position":2,"name":"Docencia"}]},{"@type":"WebSite","@id":"https:\/\/ixtlan.izt.uam.mx\/leo\/#website","url":"https:\/\/ixtlan.izt.uam.mx\/leo\/","name":"LEONARDO DAGDUG","description":"Professional website","potentialAction":[{"@type":"SearchAction","target":{"@type":"EntryPoint","urlTemplate":"https:\/\/ixtlan.izt.uam.mx\/leo\/?s={search_term_string}"},"query-input":{"@type":"PropertyValueSpecification","valueRequired":true,"valueName":"search_term_string"}}],"inLanguage":"en-US"}]}},"jetpack_shortlink":"https:\/\/wp.me\/P9TEcG-3m","jetpack_sharing_enabled":true,"_links":{"self":[{"href":"https:\/\/ixtlan.izt.uam.mx\/leo\/wp-json\/wp\/v2\/pages\/208","targetHints":{"allow":["GET"]}}],"collection":[{"href":"https:\/\/ixtlan.izt.uam.mx\/leo\/wp-json\/wp\/v2\/pages"}],"about":[{"href":"https:\/\/ixtlan.izt.uam.mx\/leo\/wp-json\/wp\/v2\/types\/page"}],"author":[{"embeddable":true,"href":"https:\/\/ixtlan.izt.uam.mx\/leo\/wp-json\/wp\/v2\/users\/1"}],"replies":[{"embeddable":true,"href":"https:\/\/ixtlan.izt.uam.mx\/leo\/wp-json\/wp\/v2\/comments?post=208"}],"version-history":[{"count":63,"href":"https:\/\/ixtlan.izt.uam.mx\/leo\/wp-json\/wp\/v2\/pages\/208\/revisions"}],"predecessor-version":[{"id":4201,"href":"https:\/\/ixtlan.izt.uam.mx\/leo\/wp-json\/wp\/v2\/pages\/208\/revisions\/4201"}],"wp:attachment":[{"href":"https:\/\/ixtlan.izt.uam.mx\/leo\/wp-json\/wp\/v2\/media?parent=208"}],"curies":[{"name":"wp","href":"https:\/\/api.w.org\/{rel}","templated":true}]}}