{"id":222,"date":"2018-05-07T15:00:14","date_gmt":"2018-05-07T20:00:14","guid":{"rendered":"https:\/\/ixtlan.izt.uam.mx\/leo\/?page_id=222"},"modified":"2025-01-24T11:10:48","modified_gmt":"2025-01-24T16:10:48","slug":"popular-science-papers","status":"publish","type":"page","link":"https:\/\/ixtlan.izt.uam.mx\/leo\/popular-science-papers\/","title":{"rendered":"Popular Science Papers"},"content":{"rendered":"<h3><img loading=\"lazy\" decoding=\"async\" class=\"alignleft wp-image-453\" src=\"https:\/\/ixtlan.izt.uam.mx\/leo\/wp-content\/uploads\/2025\/01\/Screenshot-2025-01-24-at-10.06.32.png\" alt=\"\" width=\"188\" height=\"86\" \/><a href=\"https:\/\/ixtlan.izt.uam.mx\/leo\/wp-content\/uploads\/2025\/01\/J.-Pena-et-al.-Autoensamblaje-de-capsides-virales_-Teoria-y-Simulacion-Contactos-Revista-De-Educacion-En-Ciencias-E-Ingenieria-139-6-19-2024.pdf\" target=\"_blank\" rel=\"noopener\" data-wplink-url-error=\"true\">Autoensamblaje de c\u00e1psides virales: Teor\u00eda y Simulaci\u00f3n<\/a>.<\/h3>\n<p>Resource site: <a href=\"https:\/\/contactos.izt.uam.mx\/index.php\/contactos\/issue\/view\/29\/31\" target=\"_blank\" rel=\"noopener\">https:\/\/contactos.izt.uam.mx\/index.php\/contactos\/issue\/view\/29\/31<\/a><br \/>\nSpanish<br \/>\nPages: 06 &#8211; 18<\/p>\n<h3><img loading=\"lazy\" decoding=\"async\" class=\"alignleft wp-image-453\" src=\"https:\/\/ixtlan.izt.uam.mx\/leo\/wp-content\/uploads\/2018\/06\/pop00.jpg\" alt=\"\" width=\"188\" height=\"86\" \/><a href=\"http:\/\/Requerimientos Computacionales de Aplicaciones de Superc\u00f3mputo\u00a0(2017)\" target=\"_blank\" rel=\"noopener\" data-wplink-url-error=\"true\">Requerimientos Computacionales de Aplicaciones de Superc\u00f3mputo\u00a0(2017)<\/a>.<\/h3>\n<p>Resource site: <a href=\"http:\/\/www2.izt.uam.mx\/newpage\/contactos\/download\/contactos105.pdf\" target=\"_blank\" rel=\"noopener\">http:\/\/www2.izt.uam.mx\/newpage\/contactos\/download\/contactos105.pdf<\/a><br \/>\nSpanish<br \/>\nPages: 39 &#8211; 47<\/p>\n<h3><img loading=\"lazy\" decoding=\"async\" class=\"alignleft wp-image-386\" src=\"https:\/\/ixtlan.izt.uam.mx\/leo\/wp-content\/uploads\/2018\/05\/popular01.jpg\" alt=\"\" width=\"105\" height=\"105\" \/><a href=\"http:\/\/www.revistac2.com\/sistemas-biologicos-y-complejidad\/\" target=\"_blank\" rel=\"noopener\">Sistemas biol\u00f3gicos y complejidad (2015)<\/a>.<\/h3>\n<p>Resource site: <a href=\"http:\/\/www.revistac2.com\/sistemas-biologicos-y-complejidad\/\" target=\"_blank\" rel=\"noopener\">http:\/\/www.revistac2.com\/sistemas-biologicos-y-complejidad\/<\/a><br \/>\nSpanish<\/p>\n<h3><img loading=\"lazy\" decoding=\"async\" class=\"alignleft wp-image-454\" src=\"https:\/\/ixtlan.izt.uam.mx\/leo\/wp-content\/uploads\/2018\/06\/pop01.jpg\" alt=\"\" width=\"211\" height=\"85\" \/><a href=\"https:\/\/ixtlan.izt.uam.mx\/leo\/wp-content\/uploads\/2018\/05\/2015-Lifson-Jackson-min.pdf\" target=\"_blank\" rel=\"noopener\">Deducci\u00f3n alternativa del teorema de Lifson-Jackson para el estudio de la difusi\u00f3n efectiva unidimensional en canales peri\u00f3dicos (2015).<\/a><\/h3>\n<p>Resource site: <a href=\"http:\/\/revistas.unam.mx\/index.php\/entreciencias\/article\/view\/62083\" target=\"_blank\" rel=\"noopener\">http:\/\/revistas.unam.mx\/index.php\/entreciencias\/article\/view\/62083<\/a><br \/>\nSpanish<br \/>\nPages: 153 &#8211; 165<\/p>\n<h3><\/h3>\n<h3><img loading=\"lazy\" decoding=\"async\" class=\"alignleft wp-image-455\" src=\"https:\/\/ixtlan.izt.uam.mx\/leo\/wp-content\/uploads\/2018\/06\/pop02.jpg\" alt=\"\" width=\"107\" height=\"120\" \/><a href=\"https:\/\/www.smf.mx\/BOLETIN\/2015\/29-3\/Bol-29-3c.pdf\" target=\"_blank\" rel=\"noopener\">Diversidad\u00a0 y universalidad en los sistemas complejos (2015)<\/a>.<\/h3>\n<p>Resource site: <a href=\"https:\/\/www.smf.mx\/BOLETIN\/2015\/29-3\/Bol-29-3c.pdf\" target=\"_blank\" rel=\"noopener\">https:\/\/www.smf.mx\/BOLETIN\/2015\/29-3\/Bol-29-3c.pdf<\/a><br \/>\nSpanish<br \/>\nPages: 171 &#8211; 181<\/p>\n<h3><a href=\"http:\/\/www2.izt.uam.mx\/newpage\/contactos\/download\/contactos92.pdf\" target=\"_blank\" rel=\"noopener\">El Universo azaroso en los confines celulares: procesos de difusi\u00f3n (2014)<\/a><a href=\"http:\/\/www2.izt.uam.mx\/newpage\/contactos\/download\/contactos92.pdf\" target=\"_blank\" rel=\"noopener\"><img loading=\"lazy\" decoding=\"async\" class=\"alignleft wp-image-388\" src=\"https:\/\/ixtlan.izt.uam.mx\/leo\/wp-content\/uploads\/2018\/05\/popular03.png\" alt=\"\" width=\"93\" height=\"120\" \/><\/a>.<\/h3>\n<p>Resource site: <a href=\"http:\/\/www2.izt.uam.mx\/newpage\/contactos\/download\/contactos93.pdf\" target=\"_blank\" rel=\"noopener\">http:\/\/www2.izt.uam.mx\/newpage\/contactos\/download\/contactos93.pdfhttp:\/\/www2.izt.uam.mx\/newpage\/contactos\/download\/contactos93.pdf<\/a><br \/>\nSpanish<br \/>\nPages: 23 &#8211; 36<\/p>\n<h3><\/h3>\n<h3><a href=\"http:\/\/www2.izt.uam.mx\/newpage\/contactos\/revista\/92\/pdfs\/complejos.pdf\" target=\"_blank\" rel=\"noopener\">La diversidad en el estudio de los sistemas complejos (2014)<\/a><a href=\"http:\/\/www2.izt.uam.mx\/newpage\/contactos\/revista\/92\/pdfs\/complejos.pdf\" target=\"_blank\" rel=\"noopener\"><img loading=\"lazy\" decoding=\"async\" class=\"alignleft wp-image-389\" src=\"https:\/\/ixtlan.izt.uam.mx\/leo\/wp-content\/uploads\/2018\/05\/popular04.jpg\" alt=\"\" width=\"199\" height=\"96\" \/><\/a>.<\/h3>\n<p>Resource site: <a href=\"http:\/\/www2.izt.uam.mx\/newpage\/contactos\/download\/contactos92.pdf\" target=\"_blank\" rel=\"noopener\">http:\/\/www2.izt.uam.mx\/newpage\/contactos\/download\/contactos92.pdf<\/a><br \/>\nSpanish<br \/>\nPages: 26 &#8211; 32<\/p>\n<h3><a href=\"https:\/\/www.smf.mx\/BOLETIN\/2010\/24-1\/Bol-electronico-24-1.pdf\" target=\"_blank\" rel=\"noopener\">La c\u00e9lula entre la vida y la muerte: el papel de la difusi\u00f3n (2010)<\/a><a href=\"https:\/\/www.smf.mx\/BOLETIN\/2010\/24-1\/Bol-electronico-24-1.pdf\" target=\"_blank\" rel=\"noopener\"><img loading=\"lazy\" decoding=\"async\" class=\"alignleft wp-image-387\" src=\"https:\/\/ixtlan.izt.uam.mx\/leo\/wp-content\/uploads\/2018\/05\/popular02.png\" alt=\"\" width=\"85\" height=\"120\" \/><\/a>.<\/h3>\n<p>Resource site: <a href=\"https:\/\/www.smf.mx\/BOLETIN\/2010\/24-1\/Bol-electronico-24-1.pdf\" target=\"_blank\" rel=\"noopener\">https:\/\/www.smf.mx\/BOLETIN\/2010\/24-1\/Bol-electronico-24-1.pdf<\/a><br \/>\nSpanish<br \/>\nPages: 13 &#8211; 21<\/p>\n<h3><img loading=\"lazy\" decoding=\"async\" class=\"alignleft wp-image-456\" src=\"https:\/\/ixtlan.izt.uam.mx\/leo\/wp-content\/uploads\/2018\/06\/pop03.jpg\" alt=\"\" width=\"124\" height=\"120\" \/><a href=\"http:\/\/www2.izt.uam.mx\/newpage\/contactos\/download\/contactos76.pdf\" target=\"_blank\" rel=\"noopener\">Estudio y aplicaciones de la difusi\u00f3n en nano estructuras y sistemas biol\u00f3gicos (2010)<\/a>.<\/h3>\n<p>Resource site: <a href=\"http:\/\/www2.izt.uam.mx\/newpage\/contactos\/download\/contactos76.pdf\" target=\"_blank\" rel=\"noopener\">http:\/\/www2.izt.uam.mx\/newpage\/contactos\/download\/contactos76.pdf<\/a><br \/>\nSpanish<br \/>\nPages: 42 &#8211; 48<\/p>\n<h3><img loading=\"lazy\" decoding=\"async\" class=\"alignleft wp-image-457\" src=\"https:\/\/ixtlan.izt.uam.mx\/leo\/wp-content\/uploads\/2018\/06\/pop04.jpg\" alt=\"\" width=\"206\" height=\"120\" \/><a href=\"http:\/\/www.iim.unam.mx\/revista\/pdf\/numero14.pdf\" target=\"_blank\" rel=\"noopener\">Modelaci\u00f3n de la difusi\u00f3n en canales i\u00f3nicos (2010).<\/a><\/h3>\n<p>Resource site: <a href=\"http:\/\/www.iim.unam.mx\/revista\/pdf\/numero14.pdf\" target=\"_blank\" rel=\"noopener\">http:\/\/www.iim.unam.mx\/revista\/pdf\/numero14.pdf<\/a><br \/>\nSpanish<br \/>\nPages: 19 &#8211; 27<\/p>\n<!-- AddThis Advanced Settings generic via filter on the_content --><!-- AddThis Share Buttons generic via filter on the_content -->","protected":false},"excerpt":{"rendered":"<p>Autoensamblaje de c\u00e1psides virales: Teor\u00eda y Simulaci\u00f3n. Resource site: https:\/\/contactos.izt.uam.mx\/index.php\/contactos\/issue\/view\/29\/31 Spanish Pages: 06 &#8211; 18 Requerimientos Computacionales de Aplicaciones de Superc\u00f3mputo\u00a0(2017). Resource site: http:\/\/www2.izt.uam.mx\/newpage\/contactos\/download\/contactos105.pdf Spanish Pages: 39 &#8211; 47 Sistemas biol\u00f3gicos y complejidad (2015). Resource site: http:\/\/www.revistac2.com\/sistemas-biologicos-y-complejidad\/ Spanish Deducci\u00f3n alternativa del teorema de Lifson-Jackson para el estudio de la difusi\u00f3n efectiva unidimensional en canales peri\u00f3dicos [&hellip;]<!-- AddThis Advanced Settings generic via filter on get_the_excerpt --><!-- AddThis Share Buttons generic via filter on get_the_excerpt --><\/p>\n","protected":false},"author":1,"featured_media":0,"parent":0,"menu_order":0,"comment_status":"closed","ping_status":"closed","template":"page-fullwidth.php","meta":{"jetpack_post_was_ever_published":false,"footnotes":""},"class_list":["post-222","page","type-page","status-publish","hentry"],"yoast_head":"<!-- This site is optimized with the Yoast SEO plugin v27.3 - https:\/\/yoast.com\/product\/yoast-seo-wordpress\/ -->\n<title>Popular Science Papers - LEONARDO DAGDUG<\/title>\n<meta name=\"robots\" content=\"index, follow, max-snippet:-1, max-image-preview:large, max-video-preview:-1\" \/>\n<link rel=\"canonical\" href=\"https:\/\/ixtlan.izt.uam.mx\/leo\/popular-science-papers\/\" \/>\n<meta property=\"og:locale\" content=\"en_US\" \/>\n<meta property=\"og:type\" content=\"article\" \/>\n<meta property=\"og:title\" content=\"Popular Science Papers - LEONARDO DAGDUG\" \/>\n<meta property=\"og:description\" content=\"Autoensamblaje de c\u00e1psides virales: Teor\u00eda y Simulaci\u00f3n. Resource site: https:\/\/contactos.izt.uam.mx\/index.php\/contactos\/issue\/view\/29\/31 Spanish Pages: 06 &#8211; 18 Requerimientos Computacionales de Aplicaciones de Superc\u00f3mputo\u00a0(2017). Resource site: http:\/\/www2.izt.uam.mx\/newpage\/contactos\/download\/contactos105.pdf Spanish Pages: 39 &#8211; 47 Sistemas biol\u00f3gicos y complejidad (2015). Resource site: http:\/\/www.revistac2.com\/sistemas-biologicos-y-complejidad\/ Spanish Deducci\u00f3n alternativa del teorema de Lifson-Jackson para el estudio de la difusi\u00f3n efectiva unidimensional en canales peri\u00f3dicos [&hellip;]\" \/>\n<meta property=\"og:url\" content=\"https:\/\/ixtlan.izt.uam.mx\/leo\/popular-science-papers\/\" \/>\n<meta property=\"og:site_name\" content=\"LEONARDO DAGDUG\" \/>\n<meta property=\"article:modified_time\" content=\"2025-01-24T16:10:48+00:00\" \/>\n<meta property=\"og:image\" content=\"https:\/\/ixtlan.izt.uam.mx\/leo\/wp-content\/uploads\/2018\/06\/pop00.jpg\" \/>\n\t<meta property=\"og:image:width\" content=\"356\" \/>\n\t<meta property=\"og:image:height\" content=\"163\" \/>\n\t<meta property=\"og:image:type\" content=\"image\/jpeg\" \/>\n<meta name=\"twitter:card\" content=\"summary_large_image\" \/>\n<meta name=\"twitter:label1\" content=\"Est. reading time\" \/>\n\t<meta name=\"twitter:data1\" content=\"3 minutes\" \/>\n<script type=\"application\/ld+json\" class=\"yoast-schema-graph\">{\"@context\":\"https:\\\/\\\/schema.org\",\"@graph\":[{\"@type\":\"WebPage\",\"@id\":\"https:\\\/\\\/ixtlan.izt.uam.mx\\\/leo\\\/popular-science-papers\\\/\",\"url\":\"https:\\\/\\\/ixtlan.izt.uam.mx\\\/leo\\\/popular-science-papers\\\/\",\"name\":\"Popular Science Papers - LEONARDO DAGDUG\",\"isPartOf\":{\"@id\":\"https:\\\/\\\/ixtlan.izt.uam.mx\\\/leo\\\/#website\"},\"primaryImageOfPage\":{\"@id\":\"https:\\\/\\\/ixtlan.izt.uam.mx\\\/leo\\\/popular-science-papers\\\/#primaryimage\"},\"image\":{\"@id\":\"https:\\\/\\\/ixtlan.izt.uam.mx\\\/leo\\\/popular-science-papers\\\/#primaryimage\"},\"thumbnailUrl\":\"https:\\\/\\\/ixtlan.izt.uam.mx\\\/leo\\\/wp-content\\\/uploads\\\/2025\\\/01\\\/Screenshot-2025-01-24-at-10.06.32.png\",\"datePublished\":\"2018-05-07T20:00:14+00:00\",\"dateModified\":\"2025-01-24T16:10:48+00:00\",\"breadcrumb\":{\"@id\":\"https:\\\/\\\/ixtlan.izt.uam.mx\\\/leo\\\/popular-science-papers\\\/#breadcrumb\"},\"inLanguage\":\"en-US\",\"potentialAction\":[{\"@type\":\"ReadAction\",\"target\":[\"https:\\\/\\\/ixtlan.izt.uam.mx\\\/leo\\\/popular-science-papers\\\/\"]}]},{\"@type\":\"ImageObject\",\"inLanguage\":\"en-US\",\"@id\":\"https:\\\/\\\/ixtlan.izt.uam.mx\\\/leo\\\/popular-science-papers\\\/#primaryimage\",\"url\":\"https:\\\/\\\/ixtlan.izt.uam.mx\\\/leo\\\/wp-content\\\/uploads\\\/2018\\\/06\\\/pop00.jpg\",\"contentUrl\":\"https:\\\/\\\/ixtlan.izt.uam.mx\\\/leo\\\/wp-content\\\/uploads\\\/2018\\\/06\\\/pop00.jpg\",\"width\":356,\"height\":163},{\"@type\":\"BreadcrumbList\",\"@id\":\"https:\\\/\\\/ixtlan.izt.uam.mx\\\/leo\\\/popular-science-papers\\\/#breadcrumb\",\"itemListElement\":[{\"@type\":\"ListItem\",\"position\":1,\"name\":\"Home\",\"item\":\"https:\\\/\\\/ixtlan.izt.uam.mx\\\/leo\\\/\"},{\"@type\":\"ListItem\",\"position\":2,\"name\":\"Popular Science Papers\"}]},{\"@type\":\"WebSite\",\"@id\":\"https:\\\/\\\/ixtlan.izt.uam.mx\\\/leo\\\/#website\",\"url\":\"https:\\\/\\\/ixtlan.izt.uam.mx\\\/leo\\\/\",\"name\":\"LEONARDO DAGDUG\",\"description\":\"Professional website\",\"potentialAction\":[{\"@type\":\"SearchAction\",\"target\":{\"@type\":\"EntryPoint\",\"urlTemplate\":\"https:\\\/\\\/ixtlan.izt.uam.mx\\\/leo\\\/?s={search_term_string}\"},\"query-input\":{\"@type\":\"PropertyValueSpecification\",\"valueRequired\":true,\"valueName\":\"search_term_string\"}}],\"inLanguage\":\"en-US\"}]}<\/script>\n<!-- \/ Yoast SEO plugin. -->","yoast_head_json":{"title":"Popular Science Papers - LEONARDO DAGDUG","robots":{"index":"index","follow":"follow","max-snippet":"max-snippet:-1","max-image-preview":"max-image-preview:large","max-video-preview":"max-video-preview:-1"},"canonical":"https:\/\/ixtlan.izt.uam.mx\/leo\/popular-science-papers\/","og_locale":"en_US","og_type":"article","og_title":"Popular Science Papers - LEONARDO DAGDUG","og_description":"Autoensamblaje de c\u00e1psides virales: Teor\u00eda y Simulaci\u00f3n. Resource site: https:\/\/contactos.izt.uam.mx\/index.php\/contactos\/issue\/view\/29\/31 Spanish Pages: 06 &#8211; 18 Requerimientos Computacionales de Aplicaciones de Superc\u00f3mputo\u00a0(2017). Resource site: http:\/\/www2.izt.uam.mx\/newpage\/contactos\/download\/contactos105.pdf Spanish Pages: 39 &#8211; 47 Sistemas biol\u00f3gicos y complejidad (2015). Resource site: http:\/\/www.revistac2.com\/sistemas-biologicos-y-complejidad\/ Spanish Deducci\u00f3n alternativa del teorema de Lifson-Jackson para el estudio de la difusi\u00f3n efectiva unidimensional en canales peri\u00f3dicos [&hellip;]","og_url":"https:\/\/ixtlan.izt.uam.mx\/leo\/popular-science-papers\/","og_site_name":"LEONARDO DAGDUG","article_modified_time":"2025-01-24T16:10:48+00:00","og_image":[{"width":356,"height":163,"url":"https:\/\/ixtlan.izt.uam.mx\/leo\/wp-content\/uploads\/2018\/06\/pop00.jpg","type":"image\/jpeg"}],"twitter_card":"summary_large_image","twitter_misc":{"Est. reading time":"3 minutes"},"schema":{"@context":"https:\/\/schema.org","@graph":[{"@type":"WebPage","@id":"https:\/\/ixtlan.izt.uam.mx\/leo\/popular-science-papers\/","url":"https:\/\/ixtlan.izt.uam.mx\/leo\/popular-science-papers\/","name":"Popular Science Papers - LEONARDO DAGDUG","isPartOf":{"@id":"https:\/\/ixtlan.izt.uam.mx\/leo\/#website"},"primaryImageOfPage":{"@id":"https:\/\/ixtlan.izt.uam.mx\/leo\/popular-science-papers\/#primaryimage"},"image":{"@id":"https:\/\/ixtlan.izt.uam.mx\/leo\/popular-science-papers\/#primaryimage"},"thumbnailUrl":"https:\/\/ixtlan.izt.uam.mx\/leo\/wp-content\/uploads\/2025\/01\/Screenshot-2025-01-24-at-10.06.32.png","datePublished":"2018-05-07T20:00:14+00:00","dateModified":"2025-01-24T16:10:48+00:00","breadcrumb":{"@id":"https:\/\/ixtlan.izt.uam.mx\/leo\/popular-science-papers\/#breadcrumb"},"inLanguage":"en-US","potentialAction":[{"@type":"ReadAction","target":["https:\/\/ixtlan.izt.uam.mx\/leo\/popular-science-papers\/"]}]},{"@type":"ImageObject","inLanguage":"en-US","@id":"https:\/\/ixtlan.izt.uam.mx\/leo\/popular-science-papers\/#primaryimage","url":"https:\/\/ixtlan.izt.uam.mx\/leo\/wp-content\/uploads\/2018\/06\/pop00.jpg","contentUrl":"https:\/\/ixtlan.izt.uam.mx\/leo\/wp-content\/uploads\/2018\/06\/pop00.jpg","width":356,"height":163},{"@type":"BreadcrumbList","@id":"https:\/\/ixtlan.izt.uam.mx\/leo\/popular-science-papers\/#breadcrumb","itemListElement":[{"@type":"ListItem","position":1,"name":"Home","item":"https:\/\/ixtlan.izt.uam.mx\/leo\/"},{"@type":"ListItem","position":2,"name":"Popular Science Papers"}]},{"@type":"WebSite","@id":"https:\/\/ixtlan.izt.uam.mx\/leo\/#website","url":"https:\/\/ixtlan.izt.uam.mx\/leo\/","name":"LEONARDO DAGDUG","description":"Professional website","potentialAction":[{"@type":"SearchAction","target":{"@type":"EntryPoint","urlTemplate":"https:\/\/ixtlan.izt.uam.mx\/leo\/?s={search_term_string}"},"query-input":{"@type":"PropertyValueSpecification","valueRequired":true,"valueName":"search_term_string"}}],"inLanguage":"en-US"}]}},"jetpack_shortlink":"https:\/\/wp.me\/P9TEcG-3A","jetpack_sharing_enabled":true,"_links":{"self":[{"href":"https:\/\/ixtlan.izt.uam.mx\/leo\/wp-json\/wp\/v2\/pages\/222","targetHints":{"allow":["GET"]}}],"collection":[{"href":"https:\/\/ixtlan.izt.uam.mx\/leo\/wp-json\/wp\/v2\/pages"}],"about":[{"href":"https:\/\/ixtlan.izt.uam.mx\/leo\/wp-json\/wp\/v2\/types\/page"}],"author":[{"embeddable":true,"href":"https:\/\/ixtlan.izt.uam.mx\/leo\/wp-json\/wp\/v2\/users\/1"}],"replies":[{"embeddable":true,"href":"https:\/\/ixtlan.izt.uam.mx\/leo\/wp-json\/wp\/v2\/comments?post=222"}],"version-history":[{"count":43,"href":"https:\/\/ixtlan.izt.uam.mx\/leo\/wp-json\/wp\/v2\/pages\/222\/revisions"}],"predecessor-version":[{"id":3621,"href":"https:\/\/ixtlan.izt.uam.mx\/leo\/wp-json\/wp\/v2\/pages\/222\/revisions\/3621"}],"wp:attachment":[{"href":"https:\/\/ixtlan.izt.uam.mx\/leo\/wp-json\/wp\/v2\/media?parent=222"}],"curies":[{"name":"wp","href":"https:\/\/api.w.org\/{rel}","templated":true}]}}