{"id":494,"date":"2018-06-04T14:35:38","date_gmt":"2018-06-04T19:35:38","guid":{"rendered":"https:\/\/ixtlan.izt.uam.mx\/leo\/?page_id=494"},"modified":"2018-06-05T11:17:03","modified_gmt":"2018-06-05T16:17:03","slug":"encyclopedias","status":"publish","type":"page","link":"https:\/\/ixtlan.izt.uam.mx\/leo\/encyclopedias\/","title":{"rendered":"Encyclopedias"},"content":{"rendered":"<p><img loading=\"lazy\" decoding=\"async\" class=\"alignleft wp-image-511\" src=\"https:\/\/ixtlan.izt.uam.mx\/leo\/wp-content\/uploads\/2018\/06\/Escanear-14-1.jpeg\" alt=\"\" width=\"85\" height=\"120\" \/><\/p>\n<h3><a href=\"https:\/\/ixtlan.izt.uam.mx\/leo\/biofisica-cosmos\/\" rel=\"noopener\">Cosmos. Enciclopedia de las ciencias y la tecnolog\u00eda en M\u00e9xico. F\u00edsica. (2010)<\/a><\/h3>\n<p><em>Biophysics chapter (Spanish)<\/em><\/p>\n<!-- AddThis Advanced Settings generic via filter on the_content --><!-- AddThis Share Buttons generic via filter on the_content -->","protected":false},"excerpt":{"rendered":"<p>Cosmos. Enciclopedia de las ciencias y la tecnolog\u00eda en M\u00e9xico. F\u00edsica. (2010) Biophysics chapter (Spanish)<!-- AddThis Advanced Settings generic via filter on get_the_excerpt --><!-- AddThis Share Buttons generic via filter on get_the_excerpt --><\/p>\n","protected":false},"author":1,"featured_media":0,"parent":0,"menu_order":0,"comment_status":"closed","ping_status":"closed","template":"page-fullwidth.php","meta":{"footnotes":""},"class_list":["post-494","page","type-page","status-publish","hentry"],"yoast_head":"<!-- This site is optimized with the Yoast SEO plugin v27.5 - https:\/\/yoast.com\/product\/yoast-seo-wordpress\/ -->\n<title>Encyclopedias - LEONARDO DAGDUG<\/title>\n<meta name=\"robots\" content=\"index, follow, max-snippet:-1, max-image-preview:large, max-video-preview:-1\" \/>\n<link rel=\"canonical\" href=\"https:\/\/ixtlan.izt.uam.mx\/leo\/encyclopedias\/\" \/>\n<meta property=\"og:locale\" content=\"en_US\" \/>\n<meta property=\"og:type\" content=\"article\" \/>\n<meta property=\"og:title\" content=\"Encyclopedias - LEONARDO DAGDUG\" \/>\n<meta property=\"og:description\" content=\"Cosmos. Enciclopedia de las ciencias y la tecnolog\u00eda en M\u00e9xico. F\u00edsica. (2010) Biophysics chapter (Spanish)\" \/>\n<meta property=\"og:url\" content=\"https:\/\/ixtlan.izt.uam.mx\/leo\/encyclopedias\/\" \/>\n<meta property=\"og:site_name\" content=\"LEONARDO DAGDUG\" \/>\n<meta property=\"article:modified_time\" content=\"2018-06-05T16:17:03+00:00\" \/>\n<meta property=\"og:image\" content=\"https:\/\/ixtlan.izt.uam.mx\/leo\/wp-content\/uploads\/2018\/06\/Escanear-14-1.jpeg\" \/>\n<meta name=\"twitter:card\" content=\"summary_large_image\" \/>\n<script type=\"application\/ld+json\" class=\"yoast-schema-graph\">{\"@context\":\"https:\\\/\\\/schema.org\",\"@graph\":[{\"@type\":\"WebPage\",\"@id\":\"https:\\\/\\\/ixtlan.izt.uam.mx\\\/leo\\\/encyclopedias\\\/\",\"url\":\"https:\\\/\\\/ixtlan.izt.uam.mx\\\/leo\\\/encyclopedias\\\/\",\"name\":\"Encyclopedias - LEONARDO DAGDUG\",\"isPartOf\":{\"@id\":\"https:\\\/\\\/ixtlan.izt.uam.mx\\\/leo\\\/#website\"},\"primaryImageOfPage\":{\"@id\":\"https:\\\/\\\/ixtlan.izt.uam.mx\\\/leo\\\/encyclopedias\\\/#primaryimage\"},\"image\":{\"@id\":\"https:\\\/\\\/ixtlan.izt.uam.mx\\\/leo\\\/encyclopedias\\\/#primaryimage\"},\"thumbnailUrl\":\"https:\\\/\\\/ixtlan.izt.uam.mx\\\/leo\\\/wp-content\\\/uploads\\\/2018\\\/06\\\/Escanear-14-1.jpeg\",\"datePublished\":\"2018-06-04T19:35:38+00:00\",\"dateModified\":\"2018-06-05T16:17:03+00:00\",\"breadcrumb\":{\"@id\":\"https:\\\/\\\/ixtlan.izt.uam.mx\\\/leo\\\/encyclopedias\\\/#breadcrumb\"},\"inLanguage\":\"en-US\",\"potentialAction\":[{\"@type\":\"ReadAction\",\"target\":[\"https:\\\/\\\/ixtlan.izt.uam.mx\\\/leo\\\/encyclopedias\\\/\"]}]},{\"@type\":\"ImageObject\",\"inLanguage\":\"en-US\",\"@id\":\"https:\\\/\\\/ixtlan.izt.uam.mx\\\/leo\\\/encyclopedias\\\/#primaryimage\",\"url\":\"https:\\\/\\\/ixtlan.izt.uam.mx\\\/leo\\\/wp-content\\\/uploads\\\/2018\\\/06\\\/Escanear-14-1.jpeg\",\"contentUrl\":\"https:\\\/\\\/ixtlan.izt.uam.mx\\\/leo\\\/wp-content\\\/uploads\\\/2018\\\/06\\\/Escanear-14-1.jpeg\",\"width\":2480,\"height\":3508},{\"@type\":\"BreadcrumbList\",\"@id\":\"https:\\\/\\\/ixtlan.izt.uam.mx\\\/leo\\\/encyclopedias\\\/#breadcrumb\",\"itemListElement\":[{\"@type\":\"ListItem\",\"position\":1,\"name\":\"Home\",\"item\":\"https:\\\/\\\/ixtlan.izt.uam.mx\\\/leo\\\/\"},{\"@type\":\"ListItem\",\"position\":2,\"name\":\"Encyclopedias\"}]},{\"@type\":\"WebSite\",\"@id\":\"https:\\\/\\\/ixtlan.izt.uam.mx\\\/leo\\\/#website\",\"url\":\"https:\\\/\\\/ixtlan.izt.uam.mx\\\/leo\\\/\",\"name\":\"LEONARDO DAGDUG\",\"description\":\"Professional website\",\"potentialAction\":[{\"@type\":\"SearchAction\",\"target\":{\"@type\":\"EntryPoint\",\"urlTemplate\":\"https:\\\/\\\/ixtlan.izt.uam.mx\\\/leo\\\/?s={search_term_string}\"},\"query-input\":{\"@type\":\"PropertyValueSpecification\",\"valueRequired\":true,\"valueName\":\"search_term_string\"}}],\"inLanguage\":\"en-US\"}]}<\/script>\n<!-- \/ Yoast SEO plugin. -->","yoast_head_json":{"title":"Encyclopedias - LEONARDO DAGDUG","robots":{"index":"index","follow":"follow","max-snippet":"max-snippet:-1","max-image-preview":"max-image-preview:large","max-video-preview":"max-video-preview:-1"},"canonical":"https:\/\/ixtlan.izt.uam.mx\/leo\/encyclopedias\/","og_locale":"en_US","og_type":"article","og_title":"Encyclopedias - LEONARDO DAGDUG","og_description":"Cosmos. Enciclopedia de las ciencias y la tecnolog\u00eda en M\u00e9xico. F\u00edsica. (2010) Biophysics chapter (Spanish)","og_url":"https:\/\/ixtlan.izt.uam.mx\/leo\/encyclopedias\/","og_site_name":"LEONARDO DAGDUG","article_modified_time":"2018-06-05T16:17:03+00:00","og_image":[{"url":"https:\/\/ixtlan.izt.uam.mx\/leo\/wp-content\/uploads\/2018\/06\/Escanear-14-1.jpeg","type":"","width":"","height":""}],"twitter_card":"summary_large_image","schema":{"@context":"https:\/\/schema.org","@graph":[{"@type":"WebPage","@id":"https:\/\/ixtlan.izt.uam.mx\/leo\/encyclopedias\/","url":"https:\/\/ixtlan.izt.uam.mx\/leo\/encyclopedias\/","name":"Encyclopedias - LEONARDO DAGDUG","isPartOf":{"@id":"https:\/\/ixtlan.izt.uam.mx\/leo\/#website"},"primaryImageOfPage":{"@id":"https:\/\/ixtlan.izt.uam.mx\/leo\/encyclopedias\/#primaryimage"},"image":{"@id":"https:\/\/ixtlan.izt.uam.mx\/leo\/encyclopedias\/#primaryimage"},"thumbnailUrl":"https:\/\/ixtlan.izt.uam.mx\/leo\/wp-content\/uploads\/2018\/06\/Escanear-14-1.jpeg","datePublished":"2018-06-04T19:35:38+00:00","dateModified":"2018-06-05T16:17:03+00:00","breadcrumb":{"@id":"https:\/\/ixtlan.izt.uam.mx\/leo\/encyclopedias\/#breadcrumb"},"inLanguage":"en-US","potentialAction":[{"@type":"ReadAction","target":["https:\/\/ixtlan.izt.uam.mx\/leo\/encyclopedias\/"]}]},{"@type":"ImageObject","inLanguage":"en-US","@id":"https:\/\/ixtlan.izt.uam.mx\/leo\/encyclopedias\/#primaryimage","url":"https:\/\/ixtlan.izt.uam.mx\/leo\/wp-content\/uploads\/2018\/06\/Escanear-14-1.jpeg","contentUrl":"https:\/\/ixtlan.izt.uam.mx\/leo\/wp-content\/uploads\/2018\/06\/Escanear-14-1.jpeg","width":2480,"height":3508},{"@type":"BreadcrumbList","@id":"https:\/\/ixtlan.izt.uam.mx\/leo\/encyclopedias\/#breadcrumb","itemListElement":[{"@type":"ListItem","position":1,"name":"Home","item":"https:\/\/ixtlan.izt.uam.mx\/leo\/"},{"@type":"ListItem","position":2,"name":"Encyclopedias"}]},{"@type":"WebSite","@id":"https:\/\/ixtlan.izt.uam.mx\/leo\/#website","url":"https:\/\/ixtlan.izt.uam.mx\/leo\/","name":"LEONARDO DAGDUG","description":"Professional website","potentialAction":[{"@type":"SearchAction","target":{"@type":"EntryPoint","urlTemplate":"https:\/\/ixtlan.izt.uam.mx\/leo\/?s={search_term_string}"},"query-input":{"@type":"PropertyValueSpecification","valueRequired":true,"valueName":"search_term_string"}}],"inLanguage":"en-US"}]}},"jetpack_shortlink":"https:\/\/wp.me\/P9TEcG-7Y","jetpack_sharing_enabled":true,"_links":{"self":[{"href":"https:\/\/ixtlan.izt.uam.mx\/leo\/wp-json\/wp\/v2\/pages\/494","targetHints":{"allow":["GET"]}}],"collection":[{"href":"https:\/\/ixtlan.izt.uam.mx\/leo\/wp-json\/wp\/v2\/pages"}],"about":[{"href":"https:\/\/ixtlan.izt.uam.mx\/leo\/wp-json\/wp\/v2\/types\/page"}],"author":[{"embeddable":true,"href":"https:\/\/ixtlan.izt.uam.mx\/leo\/wp-json\/wp\/v2\/users\/1"}],"replies":[{"embeddable":true,"href":"https:\/\/ixtlan.izt.uam.mx\/leo\/wp-json\/wp\/v2\/comments?post=494"}],"version-history":[{"count":3,"href":"https:\/\/ixtlan.izt.uam.mx\/leo\/wp-json\/wp\/v2\/pages\/494\/revisions"}],"predecessor-version":[{"id":512,"href":"https:\/\/ixtlan.izt.uam.mx\/leo\/wp-json\/wp\/v2\/pages\/494\/revisions\/512"}],"wp:attachment":[{"href":"https:\/\/ixtlan.izt.uam.mx\/leo\/wp-json\/wp\/v2\/media?parent=494"}],"curies":[{"name":"wp","href":"https:\/\/api.w.org\/{rel}","templated":true}]}}