{"id":87,"date":"2018-04-16T20:07:40","date_gmt":"2018-04-17T01:07:40","guid":{"rendered":"https:\/\/ixtlan.izt.uam.mx\/leo\/?page_id=87"},"modified":"2026-04-19T15:14:16","modified_gmt":"2026-04-19T20:14:16","slug":"group-members","status":"publish","type":"page","link":"https:\/\/ixtlan.izt.uam.mx\/leo\/group-members\/","title":{"rendered":"Group Members &#038; Former Students"},"content":{"rendered":"\n<h3 class=\"wp-block-heading\">PhD Students<\/h3>\n\n\n\n<ul class=\"wp-block-list\">\n<li>Ivan Pompa-Garc\u00eda\n<ul class=\"wp-block-list\">\n<li>Website: <a href=\"https:\/\/ekbt.nl\/\" target=\"_blank\" rel=\"noreferrer noopener\">https:\/\/ekbt.nl\/<\/a><\/li>\n<\/ul>\n<\/li>\n\n\n\n<li>David Hern\u00e1ndez Le\u00f3n<\/li>\n\n\n\n<li>Pedro Juli\u00e1n Salgado<\/li>\n\n\n\n<li>Jason Brandon Pe\u00f1a Mu\u00f1oz\n<ul class=\"wp-block-list\">\n<li>Website: <a href=\"https:\/\/jasonpena.carrd.co\/#\" target=\"_blank\" rel=\"noreferrer noopener\">https:\/\/jasonpena.carrd.co\/#<\/a><\/li>\n<\/ul>\n<\/li>\n<\/ul>\n\n\n\n<h3 class=\"wp-block-heading\">Master Students<\/h3>\n\n\n\n<ul class=\"wp-block-list\">\n<li>Carlos Alberto S\u00e1nchez S\u00e1nchez<\/li>\n<\/ul>\n\n\n\n<h3 class=\"wp-block-heading\">Undergraduate Students<\/h3>\n\n\n\n<ul class=\"wp-block-list\">\n<li>Alexa Aguilar Gonz\u00e1lez<\/li>\n<\/ul>\n\n\n\n<h3 class=\"wp-block-heading\">Former Postdocs<\/h3>\n\n\n\n<ul class=\"wp-block-list\">\n<li>Daniel Ignacio Salgado Blanco<\/li>\n\n\n\n<li>Marco Vinicio V\u00e1zquez Gonz\u00e1lez<\/li>\n\n\n\n<li>Alejandro Garc\u00eda Chung<\/li>\n\n\n\n<li>Inti Pineda Calder\u00f3n<\/li>\n\n\n\n<li>N\u00e9stor Valadez <\/li>\n<\/ul>\n\n\n\n<h3 class=\"wp-block-heading\">PhD (Graduated)<\/h3>\n\n\n\n<ul class=\"wp-block-list\">\n<li>Guillermo Chac\u00f3n Acosta\n<ul class=\"wp-block-list\">\n<li>Website: <a href=\"http:\/\/dcni.cua.uam.mx\/division\/usuario?p=16\" target=\"_blank\" rel=\"noopener noreferrer\">http:\/\/dcni.cua.uam.mx\/division\/usuario?p=16<\/a><\/li>\n\n\n\n<li><a href=\"https:\/\/ixtlan.izt.uam.mx\/leo\/wp-content\/uploads\/2019\/02\/tesis-gca-d.pdf\" type=\"attachment\" id=\"730\" target=\"_blank\" rel=\"noreferrer noopener\">Thesis<\/a><\/li>\n<\/ul>\n<\/li>\n\n\n\n<li>Inti Pineda Calder\u00f3n\n<ul class=\"wp-block-list\">\n<li>Google Scholar Profile: <a href=\"https:\/\/scholar.google.com\/citations?hl=es&amp;user=oPV0pa4AAAAJ\" target=\"_blank\" rel=\"noopener noreferrer\">https:\/\/scholar.google.com\/citations?hl=es&amp;user=oPV0pa4AAAAJ<\/a><\/li>\n\n\n\n<li><a href=\"https:\/\/ixtlan.izt.uam.mx\/leo\/wp-content\/uploads\/2019\/02\/tesis-ipc-d.pdf\" target=\"_blank\" rel=\"noopener noreferrer\">Thesis<\/a><\/li>\n<\/ul>\n<\/li>\n\n\n\n<li>Yoshua Ch\u00e1vez Bola\u00f1os\n<ul class=\"wp-block-list\">\n<li><a href=\"https:\/\/ixtlan.izt.uam.mx\/leo\/wp-content\/uploads\/2020\/10\/Tesis-Doctorado-Yoshua.pdf\" target=\"_blank\" rel=\"noopener noreferrer\">Thesis<\/a><\/li>\n<\/ul>\n<\/li>\n\n\n\n<li>Adriana P\u00e9rez Espinosa\n<ul class=\"wp-block-list\">\n<li><a href=\"https:\/\/ixtlan.izt.uam.mx\/leo\/wp-content\/uploads\/2025\/12\/TesisAdriana.pdf\" target=\"_blank\" rel=\"noreferrer noopener\">Thesis<\/a><\/li>\n<\/ul>\n<\/li>\n<\/ul>\n\n\n\n<h3 class=\"wp-block-heading\">Master (Graduated)<\/h3>\n\n\n\n<ul class=\"wp-block-list\">\n<li>Juan Daniel Rivera Bautista<\/li>\n\n\n\n<li>Jason Brandon Pe\u00f1a Mu\u00f1oz\n<ul class=\"wp-block-list\">\n<li><a href=\"https:\/\/ixtlan.izt.uam.mx\/leo\/wp-content\/uploads\/2024\/10\/tesis_maestria_jason_pena.pdf\" target=\"_blank\" rel=\"noopener\">Thesis<\/a><\/li>\n<\/ul>\n<\/li>\n\n\n\n<li>Pedro Juli\u00e1n Salgado\n<ul class=\"wp-block-list\">\n<li><a href=\"https:\/\/ixtlan.izt.uam.mx\/leo\/wp-content\/uploads\/2023\/04\/Tesis_Pedro_febrero.pdf\" target=\"_blank\" rel=\"noopener\">Thesis<\/a><\/li>\n\n\n\n<li>Diploma Juan Manuel Lozano Mej\u00eda 2024 (UNAM): <a href=\"https:\/\/www.fisica.unam.mx\/organizacion\/comunicacion\/noticia.php?id=2374\" target=\"_blank\" rel=\"noreferrer noopener\">https:\/\/www.fisica.unam.mx\/organizacion\/comunicacion\/noticia.php?id=2374<\/a><\/li>\n<\/ul>\n<\/li>\n\n\n\n<li>David Hern\u00e1ndez Le\u00f3n\n<ul class=\"wp-block-list\">\n<li><a href=\"https:\/\/ixtlan.izt.uam.mx\/leo\/wp-content\/uploads\/2021\/10\/Tesis-David.pdf\" target=\"_blank\" rel=\"noopener\">Thesis<\/a><\/li>\n<\/ul>\n<\/li>\n\n\n\n<li>Alejandro Ju\u00e1rez Toribio\n<ul class=\"wp-block-list\">\n<li><a href=\"https:\/\/ixtlan.izt.uam.mx\/leo\/wp-content\/uploads\/2021\/05\/Tesis-Alejandro.pdf\" target=\"_blank\" rel=\"noopener\">Thesis<\/a><\/li>\n<\/ul>\n<\/li>\n\n\n\n<li>Ivan Pompa-Garc\u00eda\n<ul class=\"wp-block-list\">\n<li><a href=\"https:\/\/ixtlan.izt.uam.mx\/leo\/wp-content\/uploads\/2021\/03\/tesis-maestria-Ivan.pdf\" target=\"_blank\" rel=\"noopener\">Thesis<\/a><\/li>\n<\/ul>\n<\/li>\n\n\n\n<li>Mart\u00edn Romero Mu\u00f1oz\n<ul class=\"wp-block-list\">\n<li><a href=\"https:\/\/ixtlan.izt.uam.mx\/leo\/wp-content\/uploads\/2019\/02\/tesis-mrm-m.pdf\">Thesis<\/a><\/li>\n<\/ul>\n<\/li>\n\n\n\n<li>Valdemar Moratto Gonz\u00e1lez\n<ul class=\"wp-block-list\">\n<li><a href=\"https:\/\/ixtlan.izt.uam.mx\/leo\/wp-content\/uploads\/2020\/10\/TESIS-Morato.pdf\" target=\"_blank\" rel=\"noopener noreferrer\">Thesis<\/a><\/li>\n<\/ul>\n<\/li>\n\n\n\n<li>Rosa Mar\u00eda Milian Morales\n<ul class=\"wp-block-list\">\n<li><a href=\"https:\/\/ixtlan.izt.uam.mx\/leo\/wp-content\/uploads\/2019\/02\/tesis-rmmm-m.pdf\" target=\"_blank\" rel=\"noopener noreferrer\">Thesis<\/a><\/li>\n<\/ul>\n<\/li>\n\n\n\n<li>Levy No\u00e9 Inzunza Camacho\n<ul class=\"wp-block-list\">\n<li><a href=\"https:\/\/ixtlan.izt.uam.mx\/leo\/wp-content\/uploads\/2019\/02\/tesis-lnic-m.pdf\" target=\"_blank\" rel=\"noopener noreferrer\">Thesis<\/a><\/li>\n<\/ul>\n<\/li>\n\n\n\n<li>Yoshua Ch\u00e1vez Bola\u00f1os\n<ul class=\"wp-block-list\">\n<li><a href=\"https:\/\/ixtlan.izt.uam.mx\/leo\/wp-content\/uploads\/2019\/02\/tesis-ycb-m.pdf\" target=\"_blank\" rel=\"noopener noreferrer\">Thesis<\/a><\/li>\n<\/ul>\n<\/li>\n\n\n\n<li>Inti Pineda Calder\u00f3n\n<ul class=\"wp-block-list\">\n<li><a href=\"https:\/\/ixtlan.izt.uam.mx\/leo\/wp-content\/uploads\/2019\/02\/tesis-ipc-m.pdf\" target=\"_blank\" rel=\"noopener noreferrer\">Thesis<\/a><\/li>\n<\/ul>\n<\/li>\n\n\n\n<li>Guillermo Chac\u00f3n Acosta\n<ul class=\"wp-block-list\">\n<li><a href=\"https:\/\/ixtlan.izt.uam.mx\/leo\/wp-content\/uploads\/2019\/02\/tesis-gca-m.pdf\" target=\"_blank\" rel=\"noopener noreferrer\">Thesis<\/a><\/li>\n<\/ul>\n<\/li>\n<\/ul>\n\n\n\n<h3 class=\"wp-block-heading\">Undergraduate Students (Graduated)<\/h3>\n\n\n\n<ul class=\"wp-block-list\">\n<li>Armando Becerril Mart\u00ednez\n<ul class=\"wp-block-list\">\n<li><a href=\"https:\/\/ixtlan.izt.uam.mx\/leo\/wp-content\/uploads\/2024\/10\/PTII_Armando_Becerril_Martinez_2024_CBI_Est.pdf\" target=\"_blank\" rel=\"noopener\">Thesis<\/a><\/li>\n<\/ul>\n<\/li>\n\n\n\n<li>Roel R\u00edos Le\u00f3n\n<ul class=\"wp-block-list\">\n<li><a href=\"https:\/\/ixtlan.izt.uam.mx\/leo\/wp-content\/uploads\/2024\/06\/Roel.pdf\" target=\"_blank\" rel=\"noopener\">Thesis<\/a><\/li>\n<\/ul>\n<\/li>\n\n\n\n<li>Mar\u00eda Fernanda Castro Colin\n<ul class=\"wp-block-list\">\n<li><a href=\"https:\/\/ixtlan.izt.uam.mx\/leo\/wp-content\/uploads\/2024\/01\/Colin_PT_SF.pdf\" target=\"_blank\" rel=\"noopener\">Thesis<\/a><\/li>\n<\/ul>\n<\/li>\n\n\n\n<li>Aar\u00f3n Patrick Murphy Lorea<\/li>\n\n\n\n<li>Alfredo Montiel Suaste\n<ul class=\"wp-block-list\">\n<li><a href=\"https:\/\/ixtlan.izt.uam.mx\/leo\/wp-content\/uploads\/2022\/02\/Alfredo-Montiel-Suaste.pdf\" target=\"_blank\" rel=\"noopener\">Thesis<\/a><\/li>\n<\/ul>\n<\/li>\n\n\n\n<li>Jimena D. Hansen Garc\u00eda<\/li>\n\n\n\n<li>Jason Brandon Pe\u00f1a Mu\u00f1oz\n<ul class=\"wp-block-list\">\n<li><a href=\"https:\/\/ixtlan.izt.uam.mx\/leo\/wp-content\/uploads\/2021\/06\/Difusion-en-Sistemas-Biologicos-Absorcion-Selectiva-en-Diversas-Geometrias-1.pdf\" target=\"_blank\" rel=\"noopener\">Thesis I<\/a><\/li>\n\n\n\n<li><a href=\"https:\/\/ixtlan.izt.uam.mx\/leo\/wp-content\/uploads\/2022\/04\/Inestabilidad-de-Turing-en-Sistemas-Biolo\u0301gicos_Final.pdf\" target=\"_blank\" rel=\"noopener\">Thesis II<\/a><\/li>\n<\/ul>\n<\/li>\n<\/ul>\n\n\n\n<ul class=\"wp-block-list\">\n<li>Gerardo Ehecatl Ortiz Trejo\n<ul class=\"wp-block-list\">\n<li><a href=\"https:\/\/ixtlan.izt.uam.mx\/leo\/wp-content\/uploads\/2020\/10\/Gerardo-Lic.pdf\" target=\"_blank\" rel=\"noopener noreferrer\">Thesis<\/a><\/li>\n<\/ul>\n<\/li>\n\n\n\n<li>Stephanie Migoni\n<ul class=\"wp-block-list\">\n<li>Website: <a href=\"https:\/\/research.rug.nl\/en\/persons\/stephanie-gonz%C3%A1lez-migoni\">https:\/\/research.rug.nl\/en\/persons\/stephanie-gonz%C3%A1lez-migoni<\/a><\/li>\n\n\n\n<li><a href=\"https:\/\/ixtlan.izt.uam.mx\/leo\/wp-content\/uploads\/2020\/07\/ProyectoTerminal_Turing.pdf\" target=\"_blank\" rel=\"noopener noreferrer\">Thesis<\/a><\/li>\n\n\n\n<li><span style=\"color: #666699;\"><em>Erasmus Mundus<\/em>&nbsp;Joint Master Degree<\/span><\/li>\n<\/ul>\n<\/li>\n\n\n\n<li>Jes\u00fas Eduardo Mu\u00f1oz M\u00e9ndez\n<ul class=\"wp-block-list\">\n<li><span style=\"color: #666699;\"><em>Erasmus Mundus<\/em>&nbsp;Joint Master Degree<\/span><\/li>\n<\/ul>\n<\/li>\n\n\n\n<li>Juan Daniel Rivera Bautista\n<ul class=\"wp-block-list\">\n<li><a href=\"https:\/\/ixtlan.izt.uam.mx\/leo\/wp-content\/uploads\/2021\/09\/servicio-juan-daniel.pdf\" target=\"_blank\" rel=\"noopener\">Thesis<\/a><\/li>\n<\/ul>\n<\/li>\n\n\n\n<li>Jaime Torrez Ju\u00e1rez\n<ul class=\"wp-block-list\">\n<li><a href=\"https:\/\/ixtlan.izt.uam.mx\/leo\/wp-content\/uploads\/2020\/10\/Jimmy.pdf\" target=\"_blank\" rel=\"noopener noreferrer\">Thesis<\/a><\/li>\n<\/ul>\n<\/li>\n\n\n\n<li>David Hern\u00e1ndez Le\u00f3n<\/li>\n\n\n\n<li>Alejandro Juarez Toribio<\/li>\n\n\n\n<li>Ivan Pompa-Garc\u00eda<\/li>\n\n\n\n<li>Miguel Alejandro Medina Armendariz<\/li>\n\n\n\n<li>Roberto Verdel Aranda\n<ul class=\"wp-block-list\">\n<li>Website: <a href=\"https:\/\/www.ictp.it\/member\/roberto-verdel-aranda#biography\">https:\/\/www.ictp.it\/member\/roberto-verdel-aranda#biography<\/a><\/li>\n\n\n\n<li><a href=\"https:\/\/ixtlan.izt.uam.mx\/leo\/wp-content\/uploads\/2020\/10\/Roberto-Verdel.pdf\" target=\"_blank\" rel=\"noopener noreferrer\">Thesis<\/a><\/li>\n\n\n\n<li><span style=\"color: #666699;\"><em>Erasmus Mundus<\/em>&nbsp;Joint Master Degree<\/span><\/li>\n<\/ul>\n<\/li>\n<\/ul>\n<!-- AddThis Advanced Settings generic via filter on the_content --><!-- AddThis Share Buttons generic via filter on the_content -->","protected":false},"excerpt":{"rendered":"<p>PhD Students Master Students Undergraduate Students Former Postdocs PhD (Graduated) Master (Graduated) Undergraduate Students (Graduated)<!-- AddThis Advanced Settings generic via filter on get_the_excerpt --><!-- AddThis Share Buttons generic via filter on get_the_excerpt --><\/p>\n","protected":false},"author":1,"featured_media":0,"parent":0,"menu_order":0,"comment_status":"closed","ping_status":"closed","template":"","meta":{"footnotes":""},"class_list":["post-87","page","type-page","status-publish","hentry"],"yoast_head":"<!-- This site is optimized with the Yoast SEO plugin v27.5 - https:\/\/yoast.com\/product\/yoast-seo-wordpress\/ -->\n<title>Group Members &amp; Former Students - LEONARDO DAGDUG<\/title>\n<meta name=\"robots\" content=\"index, follow, max-snippet:-1, max-image-preview:large, max-video-preview:-1\" \/>\n<link rel=\"canonical\" href=\"https:\/\/ixtlan.izt.uam.mx\/leo\/group-members\/\" \/>\n<meta property=\"og:locale\" content=\"en_US\" \/>\n<meta property=\"og:type\" content=\"article\" \/>\n<meta property=\"og:title\" content=\"Group Members &amp; Former Students - LEONARDO DAGDUG\" \/>\n<meta property=\"og:description\" content=\"PhD Students Master Students Undergraduate Students Former Postdocs PhD (Graduated) Master (Graduated) Undergraduate Students (Graduated)\" \/>\n<meta property=\"og:url\" content=\"https:\/\/ixtlan.izt.uam.mx\/leo\/group-members\/\" \/>\n<meta property=\"og:site_name\" content=\"LEONARDO DAGDUG\" \/>\n<meta property=\"article:modified_time\" content=\"2026-04-19T20:14:16+00:00\" \/>\n<meta name=\"twitter:card\" content=\"summary_large_image\" \/>\n<meta name=\"twitter:label1\" content=\"Est. reading time\" \/>\n\t<meta name=\"twitter:data1\" content=\"1 minute\" \/>\n<script type=\"application\/ld+json\" class=\"yoast-schema-graph\">{\"@context\":\"https:\\\/\\\/schema.org\",\"@graph\":[{\"@type\":\"WebPage\",\"@id\":\"https:\\\/\\\/ixtlan.izt.uam.mx\\\/leo\\\/group-members\\\/\",\"url\":\"https:\\\/\\\/ixtlan.izt.uam.mx\\\/leo\\\/group-members\\\/\",\"name\":\"Group Members & Former Students - LEONARDO DAGDUG\",\"isPartOf\":{\"@id\":\"https:\\\/\\\/ixtlan.izt.uam.mx\\\/leo\\\/#website\"},\"datePublished\":\"2018-04-17T01:07:40+00:00\",\"dateModified\":\"2026-04-19T20:14:16+00:00\",\"breadcrumb\":{\"@id\":\"https:\\\/\\\/ixtlan.izt.uam.mx\\\/leo\\\/group-members\\\/#breadcrumb\"},\"inLanguage\":\"en-US\",\"potentialAction\":[{\"@type\":\"ReadAction\",\"target\":[\"https:\\\/\\\/ixtlan.izt.uam.mx\\\/leo\\\/group-members\\\/\"]}]},{\"@type\":\"BreadcrumbList\",\"@id\":\"https:\\\/\\\/ixtlan.izt.uam.mx\\\/leo\\\/group-members\\\/#breadcrumb\",\"itemListElement\":[{\"@type\":\"ListItem\",\"position\":1,\"name\":\"Home\",\"item\":\"https:\\\/\\\/ixtlan.izt.uam.mx\\\/leo\\\/\"},{\"@type\":\"ListItem\",\"position\":2,\"name\":\"Group Members &#038; Former Students\"}]},{\"@type\":\"WebSite\",\"@id\":\"https:\\\/\\\/ixtlan.izt.uam.mx\\\/leo\\\/#website\",\"url\":\"https:\\\/\\\/ixtlan.izt.uam.mx\\\/leo\\\/\",\"name\":\"LEONARDO DAGDUG\",\"description\":\"Professional website\",\"potentialAction\":[{\"@type\":\"SearchAction\",\"target\":{\"@type\":\"EntryPoint\",\"urlTemplate\":\"https:\\\/\\\/ixtlan.izt.uam.mx\\\/leo\\\/?s={search_term_string}\"},\"query-input\":{\"@type\":\"PropertyValueSpecification\",\"valueRequired\":true,\"valueName\":\"search_term_string\"}}],\"inLanguage\":\"en-US\"}]}<\/script>\n<!-- \/ Yoast SEO plugin. -->","yoast_head_json":{"title":"Group Members & Former Students - LEONARDO DAGDUG","robots":{"index":"index","follow":"follow","max-snippet":"max-snippet:-1","max-image-preview":"max-image-preview:large","max-video-preview":"max-video-preview:-1"},"canonical":"https:\/\/ixtlan.izt.uam.mx\/leo\/group-members\/","og_locale":"en_US","og_type":"article","og_title":"Group Members & Former Students - LEONARDO DAGDUG","og_description":"PhD Students Master Students Undergraduate Students Former Postdocs PhD (Graduated) Master (Graduated) Undergraduate Students (Graduated)","og_url":"https:\/\/ixtlan.izt.uam.mx\/leo\/group-members\/","og_site_name":"LEONARDO DAGDUG","article_modified_time":"2026-04-19T20:14:16+00:00","twitter_card":"summary_large_image","twitter_misc":{"Est. reading time":"1 minute"},"schema":{"@context":"https:\/\/schema.org","@graph":[{"@type":"WebPage","@id":"https:\/\/ixtlan.izt.uam.mx\/leo\/group-members\/","url":"https:\/\/ixtlan.izt.uam.mx\/leo\/group-members\/","name":"Group Members & Former Students - LEONARDO DAGDUG","isPartOf":{"@id":"https:\/\/ixtlan.izt.uam.mx\/leo\/#website"},"datePublished":"2018-04-17T01:07:40+00:00","dateModified":"2026-04-19T20:14:16+00:00","breadcrumb":{"@id":"https:\/\/ixtlan.izt.uam.mx\/leo\/group-members\/#breadcrumb"},"inLanguage":"en-US","potentialAction":[{"@type":"ReadAction","target":["https:\/\/ixtlan.izt.uam.mx\/leo\/group-members\/"]}]},{"@type":"BreadcrumbList","@id":"https:\/\/ixtlan.izt.uam.mx\/leo\/group-members\/#breadcrumb","itemListElement":[{"@type":"ListItem","position":1,"name":"Home","item":"https:\/\/ixtlan.izt.uam.mx\/leo\/"},{"@type":"ListItem","position":2,"name":"Group Members &#038; Former Students"}]},{"@type":"WebSite","@id":"https:\/\/ixtlan.izt.uam.mx\/leo\/#website","url":"https:\/\/ixtlan.izt.uam.mx\/leo\/","name":"LEONARDO DAGDUG","description":"Professional website","potentialAction":[{"@type":"SearchAction","target":{"@type":"EntryPoint","urlTemplate":"https:\/\/ixtlan.izt.uam.mx\/leo\/?s={search_term_string}"},"query-input":{"@type":"PropertyValueSpecification","valueRequired":true,"valueName":"search_term_string"}}],"inLanguage":"en-US"}]}},"jetpack_shortlink":"https:\/\/wp.me\/P9TEcG-1p","jetpack_sharing_enabled":true,"_links":{"self":[{"href":"https:\/\/ixtlan.izt.uam.mx\/leo\/wp-json\/wp\/v2\/pages\/87","targetHints":{"allow":["GET"]}}],"collection":[{"href":"https:\/\/ixtlan.izt.uam.mx\/leo\/wp-json\/wp\/v2\/pages"}],"about":[{"href":"https:\/\/ixtlan.izt.uam.mx\/leo\/wp-json\/wp\/v2\/types\/page"}],"author":[{"embeddable":true,"href":"https:\/\/ixtlan.izt.uam.mx\/leo\/wp-json\/wp\/v2\/users\/1"}],"replies":[{"embeddable":true,"href":"https:\/\/ixtlan.izt.uam.mx\/leo\/wp-json\/wp\/v2\/comments?post=87"}],"version-history":[{"count":113,"href":"https:\/\/ixtlan.izt.uam.mx\/leo\/wp-json\/wp\/v2\/pages\/87\/revisions"}],"predecessor-version":[{"id":4264,"href":"https:\/\/ixtlan.izt.uam.mx\/leo\/wp-json\/wp\/v2\/pages\/87\/revisions\/4264"}],"wp:attachment":[{"href":"https:\/\/ixtlan.izt.uam.mx\/leo\/wp-json\/wp\/v2\/media?parent=87"}],"curies":[{"name":"wp","href":"https:\/\/api.w.org\/{rel}","templated":true}]}}